{"id":3634,"date":"2026-04-21T13:32:53","date_gmt":"2026-04-21T11:32:53","guid":{"rendered":"https:\/\/talaiaplazaecoresort.online\/?page_id=3634"},"modified":"2026-04-22T08:24:46","modified_gmt":"2026-04-22T06:24:46","slug":"club-plaza","status":"publish","type":"page","link":"https:\/\/talaiaplazaecoresort.online\/index.php\/club-plaza\/","title":{"rendered":"CLUB PLAZA"},"content":{"rendered":"\t\t<div data-elementor-type=\"wp-page\" data-elementor-id=\"3634\" class=\"elementor elementor-3634\" data-elementor-post-type=\"page\">\n\t\t\t\t<div class=\"elementor-element elementor-element-714d4b5 e-flex e-con-boxed e-con e-parent\" data-id=\"714d4b5\" data-element_type=\"container\" data-e-type=\"container\" data-settings=\"{&quot;background_background&quot;:&quot;classic&quot;}\">\n\t\t\t\t\t<div class=\"e-con-inner\">\n\t\t\t\t\t\t\t<h2 \n\t\tdata-interaction-id=\"68228e4\" \n\t\tclass=\"e-68228e4-a768a3c e-heading-base\" \n\t\t \n\t\tdata-e-type=\"widget\" data-id=\"68228e4\"\n\t>\n\t\n\t\t\tCLUB PLAZA\n\t\t<\/h2>\n\t\t\t\t\t<\/div>\n\t\t\t\t<\/div>\n\t\t<div class=\"elementor-element elementor-element-bd0754a e-flex e-con-boxed e-con e-parent\" data-id=\"bd0754a\" data-element_type=\"container\" data-e-type=\"container\">\n\t\t\t\t\t<div class=\"e-con-inner\">\n\t\t\t\t\t\t\t<h2 \n\t\tdata-interaction-id=\"445e591\" \n\t\tclass=\"e-445e591-d595253 e-heading-base\" \n\t\t \n\t\tdata-e-type=\"widget\" data-id=\"445e591\"\n\t>\n\t\n\t\t\t\u00a1\u00danete al Club Plaza y accede a ventajas exlusivas!\n\t\t<\/h2>\n\t\t\t\t\t\t\t\t<p class=\"e-d33807e-d2e9f1e e-paragraph-base\" data-interaction-id=\"d33807e\"  data-e-type=\"widget\" data-id=\"d33807e\">\n\t\t\t\t\t\t\t\tAcumula puntos con cada estancia en los hoteles Plaza Hotels &amp; Resorts y desbloquea beneficios exclusivos seg\u00fan tu nivel.\n\t\t\t\t\t<\/p>\n\t\t\t\t\t\t\t\t<p class=\"e-004702b-fb9408f e-paragraph-base\" data-interaction-id=\"004702b\"  data-e-type=\"widget\" data-id=\"004702b\">\n\t\t\t\t\t\t\t\t\u00a1Solo por unirte ya disfrutar\u00e1s de descuentos especiales en tu reserva web, promociones exclusivas y detalles personalizados durante tu estancia! <br><br>A medida que acumules puntos, podr\u00e1s acceder a mejoras como early check-in y late check-out, upgrades de habitaci\u00f3n, botellas de cava, accesos extra al spa, descuentos en restauraci\u00f3n y masajes, servicio de lavander\u00eda, seguro de viaje y muchas m\u00e1s sorpresas\u2026\n\t\t\t\t\t<\/p>\n\t\t\t\t\t\t\t<h2 \n\t\tdata-interaction-id=\"a103c16\" \n\t\tclass=\"e-a103c16-ee42512 e-heading-base\" \n\t\t \n\t\tdata-e-type=\"widget\" data-id=\"a103c16\"\n\t>\n\t\n\t\t\t\u00bfC\u00f3mo funciona?\n\t\t<\/h2>\n\t\t\t\t\t\t\t\t<p class=\"e-e386c85-eca8f8c e-paragraph-base\" data-interaction-id=\"e386c85\"  data-e-type=\"widget\" data-id=\"e386c85\">\n\t\t\t\t\t\t\t\t1 euro gastado en tu reserva = 1 punto.<br>Cuantos m\u00e1s puntos acumules, m\u00e1s subes de nivel (Bronze, Silver, Gold y Platinum).<br>Accedes a beneficios \u00fanicos seg\u00fan tu nivel de membres\u00eda.<br><br>Y lo mejor: \u00a1Tu descuento de socio es acumulable a otras promociones web!<br><br>\u00danete ahora al Club Plaza y haz que cada estancia cuente.\n\t\t\t\t\t<\/p>\n\t\t\t\t\t<\/div>\n\t\t\t\t<\/div>\n\t\t\t\t<\/div>\n\t\t","protected":false},"excerpt":{"rendered":"<p>CLUB PLAZA \u00a1\u00danete al Club Plaza y accede a ventajas exlusivas! Acumula puntos con cada estancia en los hoteles Plaza [&hellip;]<\/p>\n","protected":false},"author":2,"featured_media":0,"parent":0,"menu_order":0,"comment_status":"closed","ping_status":"closed","template":"","meta":{"_eb_attr":"","site-sidebar-layout":"no-sidebar","site-content-layout":"","ast-site-content-layout":"full-width-container","site-content-style":"default","site-sidebar-style":"default","ast-global-header-display":"","ast-banner-title-visibility":"","ast-main-header-display":"","ast-hfb-above-header-display":"","ast-hfb-below-header-display":"","ast-hfb-mobile-header-display":"","site-post-title":"disabled","ast-breadcrumbs-content":"","ast-featured-img":"disabled","footer-sml-layout":"","ast-disable-related-posts":"","theme-transparent-header-meta":"","adv-header-id-meta":"","stick-header-meta":"","header-above-stick-meta":"","header-main-stick-meta":"","header-below-stick-meta":"","astra-migrate-meta-layouts":"default","ast-page-background-enabled":"default","ast-page-background-meta":{"desktop":{"background-color":"var(--ast-global-color-4)","background-image":"","background-repeat":"repeat","background-position":"center center","background-size":"auto","background-attachment":"scroll","background-type":"","background-media":"","overlay-type":"","overlay-color":"","overlay-opacity":"","overlay-gradient":""},"tablet":{"background-color":"","background-image":"","background-repeat":"repeat","background-position":"center center","background-size":"auto","background-attachment":"scroll","background-type":"","background-media":"","overlay-type":"","overlay-color":"","overlay-opacity":"","overlay-gradient":""},"mobile":{"background-color":"","background-image":"","background-repeat":"repeat","background-position":"center center","background-size":"auto","background-attachment":"scroll","background-type":"","background-media":"","overlay-type":"","overlay-color":"","overlay-opacity":"","overlay-gradient":""}},"ast-content-background-meta":{"desktop":{"background-color":"var(--ast-global-color-5)","background-image":"","background-repeat":"repeat","background-position":"center center","background-size":"auto","background-attachment":"scroll","background-type":"","background-media":"","overlay-type":"","overlay-color":"","overlay-opacity":"","overlay-gradient":""},"tablet":{"background-color":"var(--ast-global-color-5)","background-image":"","background-repeat":"repeat","background-position":"center center","background-size":"auto","background-attachment":"scroll","background-type":"","background-media":"","overlay-type":"","overlay-color":"","overlay-opacity":"","overlay-gradient":""},"mobile":{"background-color":"var(--ast-global-color-5)","background-image":"","background-repeat":"repeat","background-position":"center center","background-size":"auto","background-attachment":"scroll","background-type":"","background-media":"","overlay-type":"","overlay-color":"","overlay-opacity":"","overlay-gradient":""}},"footnotes":""},"class_list":["post-3634","page","type-page","status-publish","hentry"],"yoast_head":"<!-- This site is optimized with the Yoast SEO plugin v27.6 - https:\/\/yoast.com\/product\/yoast-seo-wordpress\/ -->\n<title>CLUB PLAZA - Talaia Plaza EcoResort<\/title>\n<meta name=\"robots\" content=\"noindex, follow, max-snippet:-1, max-image-preview:large, max-video-preview:-1\" \/>\n<meta property=\"og:locale\" content=\"es_ES\" \/>\n<meta property=\"og:type\" content=\"article\" \/>\n<meta property=\"og:title\" content=\"CLUB PLAZA - Talaia Plaza EcoResort\" \/>\n<meta property=\"og:description\" content=\"CLUB PLAZA \u00a1\u00danete al Club Plaza y accede a ventajas exlusivas! Acumula puntos con cada estancia en los hoteles Plaza [&hellip;]\" \/>\n<meta property=\"og:url\" content=\"https:\/\/talaiaplazaecoresort.online\/index.php\/club-plaza\/\" \/>\n<meta property=\"og:site_name\" content=\"Talaia Plaza EcoResort\" \/>\n<meta property=\"article:modified_time\" content=\"2026-04-22T06:24:46+00:00\" \/>\n<meta name=\"twitter:card\" content=\"summary_large_image\" \/>\n<script type=\"application\/ld+json\" class=\"yoast-schema-graph\">{\"@context\":\"https:\\\/\\\/schema.org\",\"@graph\":[{\"@type\":\"WebPage\",\"@id\":\"https:\\\/\\\/talaiaplazaecoresort.online\\\/index.php\\\/club-plaza\\\/\",\"url\":\"https:\\\/\\\/talaiaplazaecoresort.online\\\/index.php\\\/club-plaza\\\/\",\"name\":\"CLUB PLAZA - Talaia Plaza EcoResort\",\"isPartOf\":{\"@id\":\"https:\\\/\\\/ec2-34-240-63-179.eu-west-1.compute.amazonaws.com\\\/ca\\\/#website\"},\"datePublished\":\"2026-04-21T11:32:53+00:00\",\"dateModified\":\"2026-04-22T06:24:46+00:00\",\"breadcrumb\":{\"@id\":\"https:\\\/\\\/talaiaplazaecoresort.online\\\/index.php\\\/club-plaza\\\/#breadcrumb\"},\"inLanguage\":\"es\",\"potentialAction\":[{\"@type\":\"ReadAction\",\"target\":[\"https:\\\/\\\/talaiaplazaecoresort.online\\\/index.php\\\/club-plaza\\\/\"]}]},{\"@type\":\"BreadcrumbList\",\"@id\":\"https:\\\/\\\/talaiaplazaecoresort.online\\\/index.php\\\/club-plaza\\\/#breadcrumb\",\"itemListElement\":[{\"@type\":\"ListItem\",\"position\":1,\"name\":\"Portada\",\"item\":\"https:\\\/\\\/talaiaplazaecoresort.online\\\/\"},{\"@type\":\"ListItem\",\"position\":2,\"name\":\"CLUB PLAZA\"}]},{\"@type\":\"WebSite\",\"@id\":\"https:\\\/\\\/ec2-34-240-63-179.eu-west-1.compute.amazonaws.com\\\/ca\\\/#website\",\"url\":\"https:\\\/\\\/ec2-34-240-63-179.eu-west-1.compute.amazonaws.com\\\/ca\\\/\",\"name\":\"Talaia Plaza EcoResort\",\"description\":\"Alojamiento sostenible en el coraz\u00f3n de Empord\u00e0. Talaia Ecoresort\",\"publisher\":{\"@id\":\"https:\\\/\\\/ec2-34-240-63-179.eu-west-1.compute.amazonaws.com\\\/ca\\\/#organization\"},\"alternateName\":\"Talaia Plaza EcoResort\",\"potentialAction\":[{\"@type\":\"SearchAction\",\"target\":{\"@type\":\"EntryPoint\",\"urlTemplate\":\"https:\\\/\\\/ec2-34-240-63-179.eu-west-1.compute.amazonaws.com\\\/ca\\\/?s={search_term_string}\"},\"query-input\":{\"@type\":\"PropertyValueSpecification\",\"valueRequired\":true,\"valueName\":\"search_term_string\"}}],\"inLanguage\":\"es\"},{\"@type\":\"Organization\",\"@id\":\"https:\\\/\\\/ec2-34-240-63-179.eu-west-1.compute.amazonaws.com\\\/ca\\\/#organization\",\"name\":\"Talaia Plaza EcoResort\",\"alternateName\":\"Talaia Plaza EcoResort\",\"url\":\"https:\\\/\\\/ec2-34-240-63-179.eu-west-1.compute.amazonaws.com\\\/ca\\\/\",\"logo\":{\"@type\":\"ImageObject\",\"inLanguage\":\"es\",\"@id\":\"https:\\\/\\\/ec2-34-240-63-179.eu-west-1.compute.amazonaws.com\\\/ca\\\/#\\\/schema\\\/logo\\\/image\\\/\",\"url\":\"https:\\\/\\\/talaiaplazaecoresort.online\\\/wp-content\\\/uploads\\\/2024\\\/02\\\/TALAIA-PLAZA-ECORESORT-LOGOTIPOS.jpg\",\"contentUrl\":\"https:\\\/\\\/talaiaplazaecoresort.online\\\/wp-content\\\/uploads\\\/2024\\\/02\\\/TALAIA-PLAZA-ECORESORT-LOGOTIPOS.jpg\",\"width\":200,\"height\":70,\"caption\":\"Talaia Plaza EcoResort\"},\"image\":{\"@id\":\"https:\\\/\\\/ec2-34-240-63-179.eu-west-1.compute.amazonaws.com\\\/ca\\\/#\\\/schema\\\/logo\\\/image\\\/\"},\"sameAs\":[\"https:\\\/\\\/www.instagram.com\\\/talaiaplazaecoresort\\\/\"]}]}<\/script>\n<!-- \/ Yoast SEO plugin. -->","yoast_head_json":{"title":"CLUB PLAZA - Talaia Plaza EcoResort","robots":{"index":"noindex","follow":"follow","max-snippet":"max-snippet:-1","max-image-preview":"max-image-preview:large","max-video-preview":"max-video-preview:-1"},"og_locale":"es_ES","og_type":"article","og_title":"CLUB PLAZA - Talaia Plaza EcoResort","og_description":"CLUB PLAZA \u00a1\u00danete al Club Plaza y accede a ventajas exlusivas! Acumula puntos con cada estancia en los hoteles Plaza [&hellip;]","og_url":"https:\/\/talaiaplazaecoresort.online\/index.php\/club-plaza\/","og_site_name":"Talaia Plaza EcoResort","article_modified_time":"2026-04-22T06:24:46+00:00","twitter_card":"summary_large_image","schema":{"@context":"https:\/\/schema.org","@graph":[{"@type":"WebPage","@id":"https:\/\/talaiaplazaecoresort.online\/index.php\/club-plaza\/","url":"https:\/\/talaiaplazaecoresort.online\/index.php\/club-plaza\/","name":"CLUB PLAZA - Talaia Plaza EcoResort","isPartOf":{"@id":"https:\/\/ec2-34-240-63-179.eu-west-1.compute.amazonaws.com\/ca\/#website"},"datePublished":"2026-04-21T11:32:53+00:00","dateModified":"2026-04-22T06:24:46+00:00","breadcrumb":{"@id":"https:\/\/talaiaplazaecoresort.online\/index.php\/club-plaza\/#breadcrumb"},"inLanguage":"es","potentialAction":[{"@type":"ReadAction","target":["https:\/\/talaiaplazaecoresort.online\/index.php\/club-plaza\/"]}]},{"@type":"BreadcrumbList","@id":"https:\/\/talaiaplazaecoresort.online\/index.php\/club-plaza\/#breadcrumb","itemListElement":[{"@type":"ListItem","position":1,"name":"Portada","item":"https:\/\/talaiaplazaecoresort.online\/"},{"@type":"ListItem","position":2,"name":"CLUB PLAZA"}]},{"@type":"WebSite","@id":"https:\/\/ec2-34-240-63-179.eu-west-1.compute.amazonaws.com\/ca\/#website","url":"https:\/\/ec2-34-240-63-179.eu-west-1.compute.amazonaws.com\/ca\/","name":"Talaia Plaza EcoResort","description":"Alojamiento sostenible en el coraz\u00f3n de Empord\u00e0. Talaia Ecoresort","publisher":{"@id":"https:\/\/ec2-34-240-63-179.eu-west-1.compute.amazonaws.com\/ca\/#organization"},"alternateName":"Talaia Plaza EcoResort","potentialAction":[{"@type":"SearchAction","target":{"@type":"EntryPoint","urlTemplate":"https:\/\/ec2-34-240-63-179.eu-west-1.compute.amazonaws.com\/ca\/?s={search_term_string}"},"query-input":{"@type":"PropertyValueSpecification","valueRequired":true,"valueName":"search_term_string"}}],"inLanguage":"es"},{"@type":"Organization","@id":"https:\/\/ec2-34-240-63-179.eu-west-1.compute.amazonaws.com\/ca\/#organization","name":"Talaia Plaza EcoResort","alternateName":"Talaia Plaza EcoResort","url":"https:\/\/ec2-34-240-63-179.eu-west-1.compute.amazonaws.com\/ca\/","logo":{"@type":"ImageObject","inLanguage":"es","@id":"https:\/\/ec2-34-240-63-179.eu-west-1.compute.amazonaws.com\/ca\/#\/schema\/logo\/image\/","url":"https:\/\/talaiaplazaecoresort.online\/wp-content\/uploads\/2024\/02\/TALAIA-PLAZA-ECORESORT-LOGOTIPOS.jpg","contentUrl":"https:\/\/talaiaplazaecoresort.online\/wp-content\/uploads\/2024\/02\/TALAIA-PLAZA-ECORESORT-LOGOTIPOS.jpg","width":200,"height":70,"caption":"Talaia Plaza EcoResort"},"image":{"@id":"https:\/\/ec2-34-240-63-179.eu-west-1.compute.amazonaws.com\/ca\/#\/schema\/logo\/image\/"},"sameAs":["https:\/\/www.instagram.com\/talaiaplazaecoresort\/"]}]}},"_links":{"self":[{"href":"https:\/\/talaiaplazaecoresort.online\/index.php\/wp-json\/wp\/v2\/pages\/3634","targetHints":{"allow":["GET"]}}],"collection":[{"href":"https:\/\/talaiaplazaecoresort.online\/index.php\/wp-json\/wp\/v2\/pages"}],"about":[{"href":"https:\/\/talaiaplazaecoresort.online\/index.php\/wp-json\/wp\/v2\/types\/page"}],"author":[{"embeddable":true,"href":"https:\/\/talaiaplazaecoresort.online\/index.php\/wp-json\/wp\/v2\/users\/2"}],"replies":[{"embeddable":true,"href":"https:\/\/talaiaplazaecoresort.online\/index.php\/wp-json\/wp\/v2\/comments?post=3634"}],"version-history":[{"count":13,"href":"https:\/\/talaiaplazaecoresort.online\/index.php\/wp-json\/wp\/v2\/pages\/3634\/revisions"}],"predecessor-version":[{"id":3648,"href":"https:\/\/talaiaplazaecoresort.online\/index.php\/wp-json\/wp\/v2\/pages\/3634\/revisions\/3648"}],"wp:attachment":[{"href":"https:\/\/talaiaplazaecoresort.online\/index.php\/wp-json\/wp\/v2\/media?parent=3634"}],"curies":[{"name":"wp","href":"https:\/\/api.w.org\/{rel}","templated":true}]}}