{"id":1510,"date":"2024-02-13T13:10:32","date_gmt":"2024-02-13T12:10:32","guid":{"rendered":"http:\/\/52.19.186.16\/index.php\/animaux\/"},"modified":"2025-04-22T09:31:33","modified_gmt":"2025-04-22T07:31:33","slug":"animaux","status":"publish","type":"page","link":"https:\/\/talaiaplazaecoresort.online\/fr\/index.php\/animaux\/","title":{"rendered":"Animaux"},"content":{"rendered":"\t\t<div data-elementor-type=\"wp-page\" data-elementor-id=\"1510\" class=\"elementor elementor-1510 elementor-459\" data-elementor-post-type=\"page\">\n\t\t\t\t<div class=\"elementor-element elementor-element-3cc1e38 e-flex e-con-boxed elementor-invisible e-con e-parent\" data-id=\"3cc1e38\" data-element_type=\"container\" data-e-type=\"container\" data-settings=\"{&quot;background_background&quot;:&quot;classic&quot;,&quot;animation&quot;:&quot;fadeIn&quot;}\">\n\t\t\t\t\t<div class=\"e-con-inner\">\n\t\t\t\t<div class=\"elementor-element elementor-element-7e4c8ea elementor-widget elementor-widget-heading\" data-id=\"7e4c8ea\" data-element_type=\"widget\" data-e-type=\"widget\" data-widget_type=\"heading.default\">\n\t\t\t\t<div class=\"elementor-widget-container\">\n\t\t\t\t\t<h2 class=\"elementor-heading-title elementor-size-default\">Animaux<\/h2>\t\t\t\t<\/div>\n\t\t\t\t<\/div>\n\t\t\t\t\t<\/div>\n\t\t\t\t<\/div>\n\t\t<div class=\"elementor-element elementor-element-48dfb0b e-flex e-con-boxed elementor-invisible e-con e-parent\" data-id=\"48dfb0b\" data-element_type=\"container\" data-e-type=\"container\" data-settings=\"{&quot;animation&quot;:&quot;fadeIn&quot;}\">\n\t\t\t\t\t<div class=\"e-con-inner\">\n\t\t\t\t<div class=\"elementor-element elementor-element-7584b1a elementor-widget elementor-widget-text-editor\" data-id=\"7584b1a\" data-element_type=\"widget\" data-e-type=\"widget\" data-widget_type=\"text-editor.default\">\n\t\t\t\t<div class=\"elementor-widget-container\">\n\t\t\t\t\t\t\t\t\t<p>Vos animaux de compagnie sont les bienvenus. Talaia Plaza est la destination id\u00e9ale pour ceux qui veulent voyager avec leurs animaux de compagnie. Entour\u00e9 d&rsquo;un environnement naturel et avec de nombreux sentiers pr\u00e8s du resort, vos animaux de compagnie seront choy\u00e9s avec un package d&rsquo;accueil exclusif (qui comprend des <span class=\"ui-provider ed bgk bgl bgm bgn bgo bgp bgq bgr bgs bgt bgu bgv bgw bgx bgy bgz bha bhb bhc bhd bhe bhf bhg bhh bhi bhj bhk bhl bhm bhn bho bhp bhq bhr\" dir=\"ltr\">biscuits, un lit, une gamelle et un abreuvoir<\/span>) con\u00e7u pour les faire se sentir comme chez eux.<\/p>\n\t\t\t\t\t\t\t\t<\/div>\n\t\t\t\t<\/div>\n\t\t\t\t\t<\/div>\n\t\t\t\t<\/div>\n\t\t<div class=\"elementor-element elementor-element-d8139e0 e-flex e-con-boxed e-con e-parent\" data-id=\"d8139e0\" data-element_type=\"container\" data-e-type=\"container\" data-settings=\"{&quot;background_background&quot;:&quot;classic&quot;}\">\n\t\t\t\t\t<div class=\"e-con-inner\">\n\t\t\t\t<div class=\"elementor-element elementor-element-52e2c6e elementor-widget elementor-widget-text-editor\" data-id=\"52e2c6e\" data-element_type=\"widget\" data-e-type=\"widget\" data-widget_type=\"text-editor.default\">\n\t\t\t\t<div class=\"elementor-widget-container\">\n\t\t\t\t\t\t\t\t\t<p style=\"text-align: center;\">Explorez toutes les plages o\u00f9 vous pouvez aller profiter avec votre fid\u00e8le ami.<\/p>\n\t\t\t\t\t\t\t\t<\/div>\n\t\t\t\t<\/div>\n\t\t\t\t<div class=\"elementor-element elementor-element-07e66fa elementor-align-center elementor-widget elementor-widget-button\" data-id=\"07e66fa\" data-element_type=\"widget\" data-e-type=\"widget\" data-widget_type=\"button.default\">\n\t\t\t\t<div class=\"elementor-widget-container\">\n\t\t\t\t\t\t\t\t\t<div class=\"elementor-button-wrapper\">\n\t\t\t\t\t<a class=\"elementor-button elementor-button-link elementor-size-sm\" href=\"https:\/\/www.naturaki.com\/es\/playas-aceptan-perros-costa-brava\/\">\n\t\t\t\t\t\t<span class=\"elementor-button-content-wrapper\">\n\t\t\t\t\t\t\t\t\t<span class=\"elementor-button-text\">PLAGES ACCUEILLANTES POUR ANIMAUX DE COMPAGNIE<\/span>\n\t\t\t\t\t<\/span>\n\t\t\t\t\t<\/a>\n\t\t\t\t<\/div>\n\t\t\t\t\t\t\t\t<\/div>\n\t\t\t\t<\/div>\n\t\t\t\t\t<\/div>\n\t\t\t\t<\/div>\n\t\t<div class=\"elementor-element elementor-element-1761ee4 e-flex e-con-boxed elementor-invisible e-con e-parent\" data-id=\"1761ee4\" data-element_type=\"container\" data-e-type=\"container\" data-settings=\"{&quot;animation&quot;:&quot;fadeIn&quot;,&quot;animation_delay&quot;:40}\">\n\t\t\t\t\t<div class=\"e-con-inner\">\n\t\t\t\t<div class=\"elementor-element elementor-element-a40e32f elementor-view-default elementor-widget elementor-widget-icon\" data-id=\"a40e32f\" data-element_type=\"widget\" data-e-type=\"widget\" data-widget_type=\"icon.default\">\n\t\t\t\t<div class=\"elementor-widget-container\">\n\t\t\t\t\t\t\t<div class=\"elementor-icon-wrapper\">\n\t\t\t<div class=\"elementor-icon\">\n\t\t\t<svg aria-hidden=\"true\" class=\"e-font-icon-svg e-fas-hand-holding-medical\" viewBox=\"0 0 576 512\" xmlns=\"http:\/\/www.w3.org\/2000\/svg\"><path d=\"M159.88,175.82h64v64a16,16,0,0,0,16,16h64a16,16,0,0,0,16-16v-64h64a16,16,0,0,0,16-16v-64a16,16,0,0,0-16-16h-64v-64a16,16,0,0,0-16-16h-64a16,16,0,0,0-16,16v64h-64a16,16,0,0,0-16,16v64A16,16,0,0,0,159.88,175.82ZM568.07,336.13a39.91,39.91,0,0,0-55.93-8.47L392.47,415.84H271.86a16,16,0,0,1,0-32H350.1c16,0,30.75-10.87,33.37-26.61a32.06,32.06,0,0,0-31.62-37.38h-160a117.7,117.7,0,0,0-74.12,26.25l-46.5,37.74H15.87a16.11,16.11,0,0,0-16,16v96a16.11,16.11,0,0,0,16,16h347a104.8,104.8,0,0,0,61.7-20.27L559.6,392A40,40,0,0,0,568.07,336.13Z\"><\/path><\/svg>\t\t\t<\/div>\n\t\t<\/div>\n\t\t\t\t\t\t<\/div>\n\t\t\t\t<\/div>\n\t\t\t\t<div class=\"elementor-element elementor-element-d1edbc4 elementor-widget elementor-widget-text-editor\" data-id=\"d1edbc4\" data-element_type=\"widget\" data-e-type=\"widget\" data-widget_type=\"text-editor.default\">\n\t\t\t\t<div class=\"elementor-widget-container\">\n\t\t\t\t\t\t\t\t\t<p style=\"text-align: center;\"><strong>En cas d&rsquo;urgence, nous vous fournissons des informations sur les cliniques v\u00e9t\u00e9rinaires disponibles dans notre r\u00e9gion.<\/strong><\/p>\n\t\t\t\t\t\t\t\t<\/div>\n\t\t\t\t<\/div>\n\t\t\t\t<div class=\"elementor-element elementor-element-b03acc3 elementor-align-center elementor-widget elementor-widget-button\" data-id=\"b03acc3\" data-element_type=\"widget\" data-e-type=\"widget\" data-widget_type=\"button.default\">\n\t\t\t\t<div class=\"elementor-widget-container\">\n\t\t\t\t\t\t\t\t\t<div class=\"elementor-button-wrapper\">\n\t\t\t\t\t<a class=\"elementor-button elementor-button-link elementor-size-sm\" href=\"https:\/\/g.co\/kgs\/fpQLMWx\">\n\t\t\t\t\t\t<span class=\"elementor-button-content-wrapper\">\n\t\t\t\t\t\t\t\t\t<span class=\"elementor-button-text\">ANIPALS<\/span>\n\t\t\t\t\t<\/span>\n\t\t\t\t\t<\/a>\n\t\t\t\t<\/div>\n\t\t\t\t\t\t\t\t<\/div>\n\t\t\t\t<\/div>\n\t\t\t\t<div class=\"elementor-element elementor-element-71217b2 elementor-widget elementor-widget-text-editor\" data-id=\"71217b2\" data-element_type=\"widget\" data-e-type=\"widget\" data-widget_type=\"text-editor.default\">\n\t\t\t\t<div class=\"elementor-widget-container\">\n\t\t\t\t\t\t\t\t\t<p style=\"text-align: center;\">Clinique v\u00e9t\u00e9rinaire avec des services de m\u00e9decine interne. Ouvert du lundi au vendredi.<\/p>\n\t\t\t\t\t\t\t\t<\/div>\n\t\t\t\t<\/div>\n\t\t\t\t<div class=\"elementor-element elementor-element-9011411 elementor-align-center elementor-widget elementor-widget-button\" data-id=\"9011411\" data-element_type=\"widget\" data-e-type=\"widget\" data-widget_type=\"button.default\">\n\t\t\t\t<div class=\"elementor-widget-container\">\n\t\t\t\t\t\t\t\t\t<div class=\"elementor-button-wrapper\">\n\t\t\t\t\t<a class=\"elementor-button elementor-button-link elementor-size-sm\" href=\"https:\/\/g.co\/kgs\/EDvuB4d\">\n\t\t\t\t\t\t<span class=\"elementor-button-content-wrapper\">\n\t\t\t\t\t\t\t\t\t<span class=\"elementor-button-text\">BRAVAVET<\/span>\n\t\t\t\t\t<\/span>\n\t\t\t\t\t<\/a>\n\t\t\t\t<\/div>\n\t\t\t\t\t\t\t\t<\/div>\n\t\t\t\t<\/div>\n\t\t\t\t<div class=\"elementor-element elementor-element-798a028 elementor-widget elementor-widget-text-editor\" data-id=\"798a028\" data-element_type=\"widget\" data-e-type=\"widget\" data-widget_type=\"text-editor.default\">\n\t\t\t\t<div class=\"elementor-widget-container\">\n\t\t\t\t\t\t\t\t\t<p class=\"DUwDvf lfPIob\" style=\"text-align: center;\">H\u00f4pital V\u00e9t\u00e9rinaire de la Costa Brava. Ouvert 24h\/24. <\/p>\n\t\t\t\t\t\t\t\t<\/div>\n\t\t\t\t<\/div>\n\t\t\t\t\t<\/div>\n\t\t\t\t<\/div>\n\t\t<div class=\"elementor-element elementor-element-f8590fb e-flex e-con-boxed e-con e-parent\" data-id=\"f8590fb\" data-element_type=\"container\" data-e-type=\"container\" data-settings=\"{&quot;background_background&quot;:&quot;classic&quot;}\">\n\t\t\t\t\t<div class=\"e-con-inner\">\n\t\t\t\t<div class=\"elementor-element elementor-element-0386baa elementor-widget elementor-widget-text-editor\" data-id=\"0386baa\" data-element_type=\"widget\" data-e-type=\"widget\" data-widget_type=\"text-editor.default\">\n\t\t\t\t<div class=\"elementor-widget-container\">\n\t\t\t\t\t\t\t\t\t<h4 style=\"text-align: center;\">POLITIQUE ANIMAUX DE COMPAGNIE<\/h4>\n<p><strong>Les chiens d\u00e9clar\u00e9s comme \u00e9tant de race dangereuse ou leurs croisements ne sont pas autoris\u00e9s.<\/strong><\/p>\n<p><strong>Akita Inu, Tosa Inu, Mastiff Japonais (Tosa), Bullmastiff, Dobermann, Dogue Argentin, Dogue de Bordeaux, Fila Brasileiro, Mastiff Napolitain, Pit Bull (American Bull Terrier), Staffordshire Bull Terrier, Staffordshire Terrier Am\u00e9ricain, Presa Canario, Rottweiler.<\/strong><\/p>\n<p><strong>Loi 10\/1999 du 30 juillet, D\u00e9cret royal 287\/2002 du 22 mars et D\u00e9cret 170\/2002 du 11 juin.<\/strong><\/p>\n<p><span style=\"font-size: 16px;\">En plus des races mentionn\u00e9es ci-dessus et de leurs croisements, le Resort ajoute \u00e0 titre pr\u00e9ventif les suivantes : Berger Allemand, Bull Terrier et autres qui, en raison de leurs caract\u00e9ristiques, variantes, similitudes ou croisements, appartiennent \u00e0 l&rsquo;une des races pr\u00e9c\u00e9dentes ou non. En cas de doute ou de crit\u00e8res diff\u00e9rents entre les propri\u00e9taires du chien et la Direction, cette derni\u00e8re pourra exercer le Droit de non-admission de l&rsquo;animal dans l&rsquo;enceinte du Talaia Plaza Ecoresort.<\/span><\/p>\n\t\t\t\t\t\t\t\t<\/div>\n\t\t\t\t<\/div>\n\t\t\t\t\t<\/div>\n\t\t\t\t<\/div>\n\t\t\t\t<\/div>\n\t\t","protected":false},"excerpt":{"rendered":"<p>Animaux Vos animaux de compagnie sont les bienvenus. Talaia Plaza est la destination id\u00e9ale pour ceux qui veulent voyager avec [&hellip;]<\/p>\n","protected":false},"author":2,"featured_media":0,"parent":0,"menu_order":0,"comment_status":"closed","ping_status":"closed","template":"","meta":{"_eb_attr":"","site-sidebar-layout":"no-sidebar","site-content-layout":"","ast-site-content-layout":"full-width-container","site-content-style":"default","site-sidebar-style":"default","ast-global-header-display":"","ast-banner-title-visibility":"disabled","ast-main-header-display":"","ast-hfb-above-header-display":"","ast-hfb-below-header-display":"","ast-hfb-mobile-header-display":"","site-post-title":"disabled","ast-breadcrumbs-content":"","ast-featured-img":"disabled","footer-sml-layout":"disabled","ast-disable-related-posts":"","theme-transparent-header-meta":"","adv-header-id-meta":"","stick-header-meta":"","header-above-stick-meta":"","header-main-stick-meta":"","header-below-stick-meta":"","astra-migrate-meta-layouts":"default","ast-page-background-enabled":"default","ast-page-background-meta":{"desktop":{"background-color":"var(--ast-global-color-4)","background-image":"","background-repeat":"repeat","background-position":"center center","background-size":"auto","background-attachment":"scroll","background-type":"","background-media":"","overlay-type":"","overlay-color":"","overlay-opacity":"","overlay-gradient":""},"tablet":{"background-color":"","background-image":"","background-repeat":"repeat","background-position":"center center","background-size":"auto","background-attachment":"scroll","background-type":"","background-media":"","overlay-type":"","overlay-color":"","overlay-opacity":"","overlay-gradient":""},"mobile":{"background-color":"","background-image":"","background-repeat":"repeat","background-position":"center center","background-size":"auto","background-attachment":"scroll","background-type":"","background-media":"","overlay-type":"","overlay-color":"","overlay-opacity":"","overlay-gradient":""}},"ast-content-background-meta":{"desktop":{"background-color":"var(--ast-global-color-5)","background-image":"","background-repeat":"repeat","background-position":"center center","background-size":"auto","background-attachment":"scroll","background-type":"","background-media":"","overlay-type":"","overlay-color":"","overlay-opacity":"","overlay-gradient":""},"tablet":{"background-color":"var(--ast-global-color-5)","background-image":"","background-repeat":"repeat","background-position":"center center","background-size":"auto","background-attachment":"scroll","background-type":"","background-media":"","overlay-type":"","overlay-color":"","overlay-opacity":"","overlay-gradient":""},"mobile":{"background-color":"var(--ast-global-color-5)","background-image":"","background-repeat":"repeat","background-position":"center center","background-size":"auto","background-attachment":"scroll","background-type":"","background-media":"","overlay-type":"","overlay-color":"","overlay-opacity":"","overlay-gradient":""}},"footnotes":""},"class_list":["post-1510","page","type-page","status-publish","hentry"],"yoast_head":"<!-- This site is optimized with the Yoast SEO plugin v27.6 - https:\/\/yoast.com\/product\/yoast-seo-wordpress\/ -->\n<title>Animaux - Talaia Plaza EcoResort<\/title>\n<meta name=\"robots\" content=\"noindex, follow, max-snippet:-1, max-image-preview:large, max-video-preview:-1\" \/>\n<meta property=\"og:locale\" content=\"fr_FR\" \/>\n<meta property=\"og:type\" content=\"article\" \/>\n<meta property=\"og:title\" content=\"Animaux - Talaia Plaza EcoResort\" \/>\n<meta property=\"og:description\" content=\"Animaux Vos animaux de compagnie sont les bienvenus. Talaia Plaza est la destination id\u00e9ale pour ceux qui veulent voyager avec [&hellip;]\" \/>\n<meta property=\"og:url\" content=\"https:\/\/talaiaplazaecoresort.online\/fr\/index.php\/animaux\/\" \/>\n<meta property=\"og:site_name\" content=\"Talaia Plaza EcoResort\" \/>\n<meta property=\"article:modified_time\" content=\"2025-04-22T07:31:33+00:00\" \/>\n<meta name=\"twitter:card\" content=\"summary_large_image\" \/>\n<script type=\"application\/ld+json\" class=\"yoast-schema-graph\">{\"@context\":\"https:\\\/\\\/schema.org\",\"@graph\":[{\"@type\":\"WebPage\",\"@id\":\"https:\\\/\\\/talaiaplazaecoresort.online\\\/fr\\\/index.php\\\/animaux\\\/\",\"url\":\"https:\\\/\\\/talaiaplazaecoresort.online\\\/fr\\\/index.php\\\/animaux\\\/\",\"name\":\"Animaux - Talaia Plaza EcoResort\",\"isPartOf\":{\"@id\":\"https:\\\/\\\/ec2-34-240-63-179.eu-west-1.compute.amazonaws.com\\\/ca\\\/#website\"},\"datePublished\":\"2024-02-13T12:10:32+00:00\",\"dateModified\":\"2025-04-22T07:31:33+00:00\",\"breadcrumb\":{\"@id\":\"https:\\\/\\\/talaiaplazaecoresort.online\\\/fr\\\/index.php\\\/animaux\\\/#breadcrumb\"},\"inLanguage\":\"fr-FR\",\"potentialAction\":[{\"@type\":\"ReadAction\",\"target\":[\"https:\\\/\\\/talaiaplazaecoresort.online\\\/fr\\\/index.php\\\/animaux\\\/\"]}]},{\"@type\":\"BreadcrumbList\",\"@id\":\"https:\\\/\\\/talaiaplazaecoresort.online\\\/fr\\\/index.php\\\/animaux\\\/#breadcrumb\",\"itemListElement\":[{\"@type\":\"ListItem\",\"position\":1,\"name\":\"Portada\",\"item\":\"https:\\\/\\\/talaiaplazaecoresort.online\\\/fr\\\/index.php\\\/accueil\\\/\"},{\"@type\":\"ListItem\",\"position\":2,\"name\":\"Animaux\"}]},{\"@type\":\"WebSite\",\"@id\":\"https:\\\/\\\/ec2-34-240-63-179.eu-west-1.compute.amazonaws.com\\\/ca\\\/#website\",\"url\":\"https:\\\/\\\/ec2-34-240-63-179.eu-west-1.compute.amazonaws.com\\\/ca\\\/\",\"name\":\"Talaia Plaza EcoResort\",\"description\":\"Alojamiento sostenible en el coraz\u00f3n de Empord\u00e0. Talaia Ecoresort\",\"publisher\":{\"@id\":\"https:\\\/\\\/ec2-34-240-63-179.eu-west-1.compute.amazonaws.com\\\/ca\\\/#organization\"},\"alternateName\":\"Talaia Plaza EcoResort\",\"potentialAction\":[{\"@type\":\"SearchAction\",\"target\":{\"@type\":\"EntryPoint\",\"urlTemplate\":\"https:\\\/\\\/ec2-34-240-63-179.eu-west-1.compute.amazonaws.com\\\/ca\\\/?s={search_term_string}\"},\"query-input\":{\"@type\":\"PropertyValueSpecification\",\"valueRequired\":true,\"valueName\":\"search_term_string\"}}],\"inLanguage\":\"fr-FR\"},{\"@type\":\"Organization\",\"@id\":\"https:\\\/\\\/ec2-34-240-63-179.eu-west-1.compute.amazonaws.com\\\/ca\\\/#organization\",\"name\":\"Talaia Plaza EcoResort\",\"alternateName\":\"Talaia Plaza EcoResort\",\"url\":\"https:\\\/\\\/ec2-34-240-63-179.eu-west-1.compute.amazonaws.com\\\/ca\\\/\",\"logo\":{\"@type\":\"ImageObject\",\"inLanguage\":\"fr-FR\",\"@id\":\"https:\\\/\\\/ec2-34-240-63-179.eu-west-1.compute.amazonaws.com\\\/ca\\\/#\\\/schema\\\/logo\\\/image\\\/\",\"url\":\"https:\\\/\\\/talaiaplazaecoresort.online\\\/wp-content\\\/uploads\\\/2024\\\/02\\\/TALAIA-PLAZA-ECORESORT-LOGOTIPOS.jpg\",\"contentUrl\":\"https:\\\/\\\/talaiaplazaecoresort.online\\\/wp-content\\\/uploads\\\/2024\\\/02\\\/TALAIA-PLAZA-ECORESORT-LOGOTIPOS.jpg\",\"width\":200,\"height\":70,\"caption\":\"Talaia Plaza EcoResort\"},\"image\":{\"@id\":\"https:\\\/\\\/ec2-34-240-63-179.eu-west-1.compute.amazonaws.com\\\/ca\\\/#\\\/schema\\\/logo\\\/image\\\/\"},\"sameAs\":[\"https:\\\/\\\/www.instagram.com\\\/talaiaplazaecoresort\\\/\"]}]}<\/script>\n<!-- \/ Yoast SEO plugin. -->","yoast_head_json":{"title":"Animaux - Talaia Plaza EcoResort","robots":{"index":"noindex","follow":"follow","max-snippet":"max-snippet:-1","max-image-preview":"max-image-preview:large","max-video-preview":"max-video-preview:-1"},"og_locale":"fr_FR","og_type":"article","og_title":"Animaux - Talaia Plaza EcoResort","og_description":"Animaux Vos animaux de compagnie sont les bienvenus. Talaia Plaza est la destination id\u00e9ale pour ceux qui veulent voyager avec [&hellip;]","og_url":"https:\/\/talaiaplazaecoresort.online\/fr\/index.php\/animaux\/","og_site_name":"Talaia Plaza EcoResort","article_modified_time":"2025-04-22T07:31:33+00:00","twitter_card":"summary_large_image","schema":{"@context":"https:\/\/schema.org","@graph":[{"@type":"WebPage","@id":"https:\/\/talaiaplazaecoresort.online\/fr\/index.php\/animaux\/","url":"https:\/\/talaiaplazaecoresort.online\/fr\/index.php\/animaux\/","name":"Animaux - Talaia Plaza EcoResort","isPartOf":{"@id":"https:\/\/ec2-34-240-63-179.eu-west-1.compute.amazonaws.com\/ca\/#website"},"datePublished":"2024-02-13T12:10:32+00:00","dateModified":"2025-04-22T07:31:33+00:00","breadcrumb":{"@id":"https:\/\/talaiaplazaecoresort.online\/fr\/index.php\/animaux\/#breadcrumb"},"inLanguage":"fr-FR","potentialAction":[{"@type":"ReadAction","target":["https:\/\/talaiaplazaecoresort.online\/fr\/index.php\/animaux\/"]}]},{"@type":"BreadcrumbList","@id":"https:\/\/talaiaplazaecoresort.online\/fr\/index.php\/animaux\/#breadcrumb","itemListElement":[{"@type":"ListItem","position":1,"name":"Portada","item":"https:\/\/talaiaplazaecoresort.online\/fr\/index.php\/accueil\/"},{"@type":"ListItem","position":2,"name":"Animaux"}]},{"@type":"WebSite","@id":"https:\/\/ec2-34-240-63-179.eu-west-1.compute.amazonaws.com\/ca\/#website","url":"https:\/\/ec2-34-240-63-179.eu-west-1.compute.amazonaws.com\/ca\/","name":"Talaia Plaza EcoResort","description":"Alojamiento sostenible en el coraz\u00f3n de Empord\u00e0. Talaia Ecoresort","publisher":{"@id":"https:\/\/ec2-34-240-63-179.eu-west-1.compute.amazonaws.com\/ca\/#organization"},"alternateName":"Talaia Plaza EcoResort","potentialAction":[{"@type":"SearchAction","target":{"@type":"EntryPoint","urlTemplate":"https:\/\/ec2-34-240-63-179.eu-west-1.compute.amazonaws.com\/ca\/?s={search_term_string}"},"query-input":{"@type":"PropertyValueSpecification","valueRequired":true,"valueName":"search_term_string"}}],"inLanguage":"fr-FR"},{"@type":"Organization","@id":"https:\/\/ec2-34-240-63-179.eu-west-1.compute.amazonaws.com\/ca\/#organization","name":"Talaia Plaza EcoResort","alternateName":"Talaia Plaza EcoResort","url":"https:\/\/ec2-34-240-63-179.eu-west-1.compute.amazonaws.com\/ca\/","logo":{"@type":"ImageObject","inLanguage":"fr-FR","@id":"https:\/\/ec2-34-240-63-179.eu-west-1.compute.amazonaws.com\/ca\/#\/schema\/logo\/image\/","url":"https:\/\/talaiaplazaecoresort.online\/wp-content\/uploads\/2024\/02\/TALAIA-PLAZA-ECORESORT-LOGOTIPOS.jpg","contentUrl":"https:\/\/talaiaplazaecoresort.online\/wp-content\/uploads\/2024\/02\/TALAIA-PLAZA-ECORESORT-LOGOTIPOS.jpg","width":200,"height":70,"caption":"Talaia Plaza EcoResort"},"image":{"@id":"https:\/\/ec2-34-240-63-179.eu-west-1.compute.amazonaws.com\/ca\/#\/schema\/logo\/image\/"},"sameAs":["https:\/\/www.instagram.com\/talaiaplazaecoresort\/"]}]}},"_links":{"self":[{"href":"https:\/\/talaiaplazaecoresort.online\/fr\/index.php\/wp-json\/wp\/v2\/pages\/1510","targetHints":{"allow":["GET"]}}],"collection":[{"href":"https:\/\/talaiaplazaecoresort.online\/fr\/index.php\/wp-json\/wp\/v2\/pages"}],"about":[{"href":"https:\/\/talaiaplazaecoresort.online\/fr\/index.php\/wp-json\/wp\/v2\/types\/page"}],"author":[{"embeddable":true,"href":"https:\/\/talaiaplazaecoresort.online\/fr\/index.php\/wp-json\/wp\/v2\/users\/2"}],"replies":[{"embeddable":true,"href":"https:\/\/talaiaplazaecoresort.online\/fr\/index.php\/wp-json\/wp\/v2\/comments?post=1510"}],"version-history":[{"count":3,"href":"https:\/\/talaiaplazaecoresort.online\/fr\/index.php\/wp-json\/wp\/v2\/pages\/1510\/revisions"}],"predecessor-version":[{"id":2800,"href":"https:\/\/talaiaplazaecoresort.online\/fr\/index.php\/wp-json\/wp\/v2\/pages\/1510\/revisions\/2800"}],"wp:attachment":[{"href":"https:\/\/talaiaplazaecoresort.online\/fr\/index.php\/wp-json\/wp\/v2\/media?parent=1510"}],"curies":[{"name":"wp","href":"https:\/\/api.w.org\/{rel}","templated":true}]}}