{"id":1155,"date":"2024-02-08T10:55:34","date_gmt":"2024-02-08T09:55:34","guid":{"rendered":"http:\/\/52.19.186.16\/index.php\/blanchisserie\/"},"modified":"2025-04-22T09:53:48","modified_gmt":"2025-04-22T07:53:48","slug":"blanchisserie","status":"publish","type":"page","link":"https:\/\/talaiaplazaecoresort.online\/fr\/index.php\/blanchisserie\/","title":{"rendered":"Blanchisserie"},"content":{"rendered":"\t\t<div data-elementor-type=\"wp-page\" data-elementor-id=\"1155\" class=\"elementor elementor-1155 elementor-211\" data-elementor-post-type=\"page\">\n\t\t\t\t<div class=\"elementor-element elementor-element-b5934b5 e-flex e-con-boxed elementor-invisible e-con e-parent\" data-id=\"b5934b5\" data-element_type=\"container\" data-e-type=\"container\" data-settings=\"{&quot;background_background&quot;:&quot;classic&quot;,&quot;animation&quot;:&quot;fadeIn&quot;}\">\n\t\t\t\t\t<div class=\"e-con-inner\">\n\t\t\t\t<div class=\"elementor-element elementor-element-15c2386 elementor-widget elementor-widget-heading\" data-id=\"15c2386\" data-element_type=\"widget\" data-e-type=\"widget\" data-widget_type=\"heading.default\">\n\t\t\t\t<div class=\"elementor-widget-container\">\n\t\t\t\t\t<h2 class=\"elementor-heading-title elementor-size-default\">Blanchisserie<\/h2>\t\t\t\t<\/div>\n\t\t\t\t<\/div>\n\t\t\t\t\t<\/div>\n\t\t\t\t<\/div>\n\t\t<div class=\"elementor-element elementor-element-fd0ad92 e-flex e-con-boxed elementor-invisible e-con e-parent\" data-id=\"fd0ad92\" data-element_type=\"container\" data-e-type=\"container\" data-settings=\"{&quot;animation&quot;:&quot;fadeIn&quot;,&quot;animation_delay&quot;:20}\">\n\t\t\t\t\t<div class=\"e-con-inner\">\n\t\t\t\t<div class=\"elementor-element elementor-element-1ad0821 elementor-widget elementor-widget-text-editor\" data-id=\"1ad0821\" data-element_type=\"widget\" data-e-type=\"widget\" data-widget_type=\"text-editor.default\">\n\t\t\t\t<div class=\"elementor-widget-container\">\n\t\t\t\t\t\t\t\t\t<h5>Bagages l\u00e9gers et v\u00eatements toujours propres<\/h5>\n<p>Pour assurer le confort et la tranquillit\u00e9 de nos visiteurs, nous proposons un service de blanchisserie qui inclut \u00e0 la fois l&rsquo;option de laver et l&rsquo;option de laver et s\u00e9cher, con\u00e7u pour \u00eatre facile et pratique \u00e0 utiliser. Le co\u00fbt couvre \u00e0 la fois le d\u00e9tergent et l&rsquo;adoucissant, simplifiant ainsi votre exp\u00e9rience. Nous disposons d&rsquo;une salle \u00e9quip\u00e9e de lave-linge et de s\u00e8che-linge \u00e0 votre disposition.   <\/p><\/p>\n\t\t\t\t\t\t\t\t<\/div>\n\t\t\t\t<\/div>\n\t\t\t\t\t<\/div>\n\t\t\t\t<\/div>\n\t\t<div class=\"elementor-element elementor-element-b90cc72 e-flex e-con-boxed elementor-invisible e-con e-parent\" data-id=\"b90cc72\" data-element_type=\"container\" data-e-type=\"container\" data-settings=\"{&quot;animation&quot;:&quot;fadeIn&quot;,&quot;background_background&quot;:&quot;classic&quot;,&quot;animation_delay&quot;:40}\">\n\t\t\t\t\t<div class=\"e-con-inner\">\n\t\t<div class=\"elementor-element elementor-element-0ba74d3 e-con-full e-flex e-con e-child\" data-id=\"0ba74d3\" data-element_type=\"container\" data-e-type=\"container\">\n\t\t\t\t<div class=\"elementor-element elementor-element-93e1b8c elementor-widget elementor-widget-text-editor\" data-id=\"93e1b8c\" data-element_type=\"widget\" data-e-type=\"widget\" data-widget_type=\"text-editor.default\">\n\t\t\t\t<div class=\"elementor-widget-container\">\n\t\t\t\t\t\t\t\t\t<h4><span style=\"color: #ffffff;\">INSTRUCTIONS DE LAVAGE<\/span><\/h4>\n<ol>\n<li>Ouvrir la porte<\/li>\n<li>Charger le linge dans le tambour<\/li>\n<li> Le lave-linge dose automatiquement le D\u00c9TERGENT et l&rsquo;ASSOUPLISSANT<\/li>\n<li> Fermer la porte<\/li>\n<li>Ins\u00e9rer les pi\u00e8ces<\/li>\n<li> S\u00e9lectionner le cycle souhait\u00e9 <\/li>\n<li>Appuyer sur START <\/li>\n<li>Lorsque le cycle est termin\u00e9, attendre quelques minutes jusqu&rsquo;\u00e0 ce que la porte soit d\u00e9verrouill\u00e9e, retirer le linge <\/li>\n<\/ol>\n\t\t\t\t\t\t\t\t<\/div>\n\t\t\t\t<\/div>\n\t\t\t\t<\/div>\n\t\t<div class=\"elementor-element elementor-element-2890693 e-con-full e-flex e-con e-child\" data-id=\"2890693\" data-element_type=\"container\" data-e-type=\"container\">\n\t\t\t\t<div class=\"elementor-element elementor-element-07674f0 elementor-widget elementor-widget-text-editor\" data-id=\"07674f0\" data-element_type=\"widget\" data-e-type=\"widget\" data-widget_type=\"text-editor.default\">\n\t\t\t\t<div class=\"elementor-widget-container\">\n\t\t\t\t\t\t\t\t\t<h4><span style=\"color: #ffffff;\">INSTRUCTIONS DE S\u00c9CHAGE<\/span><\/h4>\n<ol>\n<li>Ouvrir la porte <\/li>\n<li>Nettoyer le filtre <\/li>\n<li> Charger le s\u00e8che-linge <\/li>\n<li>Fermer la porte <\/li>\n<li>Ins\u00e9rer les PI\u00c8CES <\/li>\n<li>S\u00e9lectionner le cycle de s\u00e9chage<\/li>\n<li>Appuyer sur START <\/li>\n<li> Lorsque le cycle est termin\u00e9, retirer imm\u00e9diatement le linge<\/li>\n<\/ol>\n\t\t\t\t\t\t\t\t<\/div>\n\t\t\t\t<\/div>\n\t\t\t\t<\/div>\n\t\t\t\t\t<\/div>\n\t\t\t\t<\/div>\n\t\t\t\t<\/div>\n\t\t","protected":false},"excerpt":{"rendered":"<p>Blanchisserie Bagages l\u00e9gers et v\u00eatements toujours propres Pour assurer le confort et la tranquillit\u00e9 de nos visiteurs, nous proposons un [&hellip;]<\/p>\n","protected":false},"author":2,"featured_media":0,"parent":0,"menu_order":0,"comment_status":"closed","ping_status":"closed","template":"","meta":{"_eb_attr":"","site-sidebar-layout":"no-sidebar","site-content-layout":"","ast-site-content-layout":"full-width-container","site-content-style":"default","site-sidebar-style":"default","ast-global-header-display":"","ast-banner-title-visibility":"disabled","ast-main-header-display":"","ast-hfb-above-header-display":"","ast-hfb-below-header-display":"","ast-hfb-mobile-header-display":"","site-post-title":"disabled","ast-breadcrumbs-content":"","ast-featured-img":"disabled","footer-sml-layout":"disabled","ast-disable-related-posts":"","theme-transparent-header-meta":"","adv-header-id-meta":"","stick-header-meta":"","header-above-stick-meta":"","header-main-stick-meta":"","header-below-stick-meta":"","astra-migrate-meta-layouts":"default","ast-page-background-enabled":"default","ast-page-background-meta":{"desktop":{"background-color":"var(--ast-global-color-4)","background-image":"","background-repeat":"repeat","background-position":"center center","background-size":"auto","background-attachment":"scroll","background-type":"","background-media":"","overlay-type":"","overlay-color":"","overlay-opacity":"","overlay-gradient":""},"tablet":{"background-color":"","background-image":"","background-repeat":"repeat","background-position":"center center","background-size":"auto","background-attachment":"scroll","background-type":"","background-media":"","overlay-type":"","overlay-color":"","overlay-opacity":"","overlay-gradient":""},"mobile":{"background-color":"","background-image":"","background-repeat":"repeat","background-position":"center center","background-size":"auto","background-attachment":"scroll","background-type":"","background-media":"","overlay-type":"","overlay-color":"","overlay-opacity":"","overlay-gradient":""}},"ast-content-background-meta":{"desktop":{"background-color":"var(--ast-global-color-5)","background-image":"","background-repeat":"repeat","background-position":"center center","background-size":"auto","background-attachment":"scroll","background-type":"","background-media":"","overlay-type":"","overlay-color":"","overlay-opacity":"","overlay-gradient":""},"tablet":{"background-color":"var(--ast-global-color-5)","background-image":"","background-repeat":"repeat","background-position":"center center","background-size":"auto","background-attachment":"scroll","background-type":"","background-media":"","overlay-type":"","overlay-color":"","overlay-opacity":"","overlay-gradient":""},"mobile":{"background-color":"var(--ast-global-color-5)","background-image":"","background-repeat":"repeat","background-position":"center center","background-size":"auto","background-attachment":"scroll","background-type":"","background-media":"","overlay-type":"","overlay-color":"","overlay-opacity":"","overlay-gradient":""}},"footnotes":""},"class_list":["post-1155","page","type-page","status-publish","hentry"],"yoast_head":"<!-- This site is optimized with the Yoast SEO plugin v27.6 - https:\/\/yoast.com\/product\/yoast-seo-wordpress\/ -->\n<title>Blanchisserie - Talaia Plaza EcoResort<\/title>\n<meta name=\"robots\" content=\"noindex, follow, max-snippet:-1, max-image-preview:large, max-video-preview:-1\" \/>\n<meta property=\"og:locale\" content=\"fr_FR\" \/>\n<meta property=\"og:type\" content=\"article\" \/>\n<meta property=\"og:title\" content=\"Blanchisserie - Talaia Plaza EcoResort\" \/>\n<meta property=\"og:description\" content=\"Blanchisserie Bagages l\u00e9gers et v\u00eatements toujours propres Pour assurer le confort et la tranquillit\u00e9 de nos visiteurs, nous proposons un [&hellip;]\" \/>\n<meta property=\"og:url\" content=\"https:\/\/talaiaplazaecoresort.online\/fr\/index.php\/blanchisserie\/\" \/>\n<meta property=\"og:site_name\" content=\"Talaia Plaza EcoResort\" \/>\n<meta property=\"article:modified_time\" content=\"2025-04-22T07:53:48+00:00\" \/>\n<meta name=\"twitter:card\" content=\"summary_large_image\" \/>\n<script type=\"application\/ld+json\" class=\"yoast-schema-graph\">{\"@context\":\"https:\\\/\\\/schema.org\",\"@graph\":[{\"@type\":\"WebPage\",\"@id\":\"https:\\\/\\\/talaiaplazaecoresort.online\\\/fr\\\/index.php\\\/blanchisserie\\\/\",\"url\":\"https:\\\/\\\/talaiaplazaecoresort.online\\\/fr\\\/index.php\\\/blanchisserie\\\/\",\"name\":\"Blanchisserie - Talaia Plaza EcoResort\",\"isPartOf\":{\"@id\":\"https:\\\/\\\/ec2-34-240-63-179.eu-west-1.compute.amazonaws.com\\\/ca\\\/#website\"},\"datePublished\":\"2024-02-08T09:55:34+00:00\",\"dateModified\":\"2025-04-22T07:53:48+00:00\",\"breadcrumb\":{\"@id\":\"https:\\\/\\\/talaiaplazaecoresort.online\\\/fr\\\/index.php\\\/blanchisserie\\\/#breadcrumb\"},\"inLanguage\":\"fr-FR\",\"potentialAction\":[{\"@type\":\"ReadAction\",\"target\":[\"https:\\\/\\\/talaiaplazaecoresort.online\\\/fr\\\/index.php\\\/blanchisserie\\\/\"]}]},{\"@type\":\"BreadcrumbList\",\"@id\":\"https:\\\/\\\/talaiaplazaecoresort.online\\\/fr\\\/index.php\\\/blanchisserie\\\/#breadcrumb\",\"itemListElement\":[{\"@type\":\"ListItem\",\"position\":1,\"name\":\"Portada\",\"item\":\"https:\\\/\\\/talaiaplazaecoresort.online\\\/fr\\\/index.php\\\/accueil\\\/\"},{\"@type\":\"ListItem\",\"position\":2,\"name\":\"Blanchisserie\"}]},{\"@type\":\"WebSite\",\"@id\":\"https:\\\/\\\/ec2-34-240-63-179.eu-west-1.compute.amazonaws.com\\\/ca\\\/#website\",\"url\":\"https:\\\/\\\/ec2-34-240-63-179.eu-west-1.compute.amazonaws.com\\\/ca\\\/\",\"name\":\"Talaia Plaza EcoResort\",\"description\":\"Alojamiento sostenible en el coraz\u00f3n de Empord\u00e0. Talaia Ecoresort\",\"publisher\":{\"@id\":\"https:\\\/\\\/ec2-34-240-63-179.eu-west-1.compute.amazonaws.com\\\/ca\\\/#organization\"},\"alternateName\":\"Talaia Plaza EcoResort\",\"potentialAction\":[{\"@type\":\"SearchAction\",\"target\":{\"@type\":\"EntryPoint\",\"urlTemplate\":\"https:\\\/\\\/ec2-34-240-63-179.eu-west-1.compute.amazonaws.com\\\/ca\\\/?s={search_term_string}\"},\"query-input\":{\"@type\":\"PropertyValueSpecification\",\"valueRequired\":true,\"valueName\":\"search_term_string\"}}],\"inLanguage\":\"fr-FR\"},{\"@type\":\"Organization\",\"@id\":\"https:\\\/\\\/ec2-34-240-63-179.eu-west-1.compute.amazonaws.com\\\/ca\\\/#organization\",\"name\":\"Talaia Plaza EcoResort\",\"alternateName\":\"Talaia Plaza EcoResort\",\"url\":\"https:\\\/\\\/ec2-34-240-63-179.eu-west-1.compute.amazonaws.com\\\/ca\\\/\",\"logo\":{\"@type\":\"ImageObject\",\"inLanguage\":\"fr-FR\",\"@id\":\"https:\\\/\\\/ec2-34-240-63-179.eu-west-1.compute.amazonaws.com\\\/ca\\\/#\\\/schema\\\/logo\\\/image\\\/\",\"url\":\"https:\\\/\\\/talaiaplazaecoresort.online\\\/wp-content\\\/uploads\\\/2024\\\/02\\\/TALAIA-PLAZA-ECORESORT-LOGOTIPOS.jpg\",\"contentUrl\":\"https:\\\/\\\/talaiaplazaecoresort.online\\\/wp-content\\\/uploads\\\/2024\\\/02\\\/TALAIA-PLAZA-ECORESORT-LOGOTIPOS.jpg\",\"width\":200,\"height\":70,\"caption\":\"Talaia Plaza EcoResort\"},\"image\":{\"@id\":\"https:\\\/\\\/ec2-34-240-63-179.eu-west-1.compute.amazonaws.com\\\/ca\\\/#\\\/schema\\\/logo\\\/image\\\/\"},\"sameAs\":[\"https:\\\/\\\/www.instagram.com\\\/talaiaplazaecoresort\\\/\"]}]}<\/script>\n<!-- \/ Yoast SEO plugin. -->","yoast_head_json":{"title":"Blanchisserie - Talaia Plaza EcoResort","robots":{"index":"noindex","follow":"follow","max-snippet":"max-snippet:-1","max-image-preview":"max-image-preview:large","max-video-preview":"max-video-preview:-1"},"og_locale":"fr_FR","og_type":"article","og_title":"Blanchisserie - Talaia Plaza EcoResort","og_description":"Blanchisserie Bagages l\u00e9gers et v\u00eatements toujours propres Pour assurer le confort et la tranquillit\u00e9 de nos visiteurs, nous proposons un [&hellip;]","og_url":"https:\/\/talaiaplazaecoresort.online\/fr\/index.php\/blanchisserie\/","og_site_name":"Talaia Plaza EcoResort","article_modified_time":"2025-04-22T07:53:48+00:00","twitter_card":"summary_large_image","schema":{"@context":"https:\/\/schema.org","@graph":[{"@type":"WebPage","@id":"https:\/\/talaiaplazaecoresort.online\/fr\/index.php\/blanchisserie\/","url":"https:\/\/talaiaplazaecoresort.online\/fr\/index.php\/blanchisserie\/","name":"Blanchisserie - Talaia Plaza EcoResort","isPartOf":{"@id":"https:\/\/ec2-34-240-63-179.eu-west-1.compute.amazonaws.com\/ca\/#website"},"datePublished":"2024-02-08T09:55:34+00:00","dateModified":"2025-04-22T07:53:48+00:00","breadcrumb":{"@id":"https:\/\/talaiaplazaecoresort.online\/fr\/index.php\/blanchisserie\/#breadcrumb"},"inLanguage":"fr-FR","potentialAction":[{"@type":"ReadAction","target":["https:\/\/talaiaplazaecoresort.online\/fr\/index.php\/blanchisserie\/"]}]},{"@type":"BreadcrumbList","@id":"https:\/\/talaiaplazaecoresort.online\/fr\/index.php\/blanchisserie\/#breadcrumb","itemListElement":[{"@type":"ListItem","position":1,"name":"Portada","item":"https:\/\/talaiaplazaecoresort.online\/fr\/index.php\/accueil\/"},{"@type":"ListItem","position":2,"name":"Blanchisserie"}]},{"@type":"WebSite","@id":"https:\/\/ec2-34-240-63-179.eu-west-1.compute.amazonaws.com\/ca\/#website","url":"https:\/\/ec2-34-240-63-179.eu-west-1.compute.amazonaws.com\/ca\/","name":"Talaia Plaza EcoResort","description":"Alojamiento sostenible en el coraz\u00f3n de Empord\u00e0. Talaia Ecoresort","publisher":{"@id":"https:\/\/ec2-34-240-63-179.eu-west-1.compute.amazonaws.com\/ca\/#organization"},"alternateName":"Talaia Plaza EcoResort","potentialAction":[{"@type":"SearchAction","target":{"@type":"EntryPoint","urlTemplate":"https:\/\/ec2-34-240-63-179.eu-west-1.compute.amazonaws.com\/ca\/?s={search_term_string}"},"query-input":{"@type":"PropertyValueSpecification","valueRequired":true,"valueName":"search_term_string"}}],"inLanguage":"fr-FR"},{"@type":"Organization","@id":"https:\/\/ec2-34-240-63-179.eu-west-1.compute.amazonaws.com\/ca\/#organization","name":"Talaia Plaza EcoResort","alternateName":"Talaia Plaza EcoResort","url":"https:\/\/ec2-34-240-63-179.eu-west-1.compute.amazonaws.com\/ca\/","logo":{"@type":"ImageObject","inLanguage":"fr-FR","@id":"https:\/\/ec2-34-240-63-179.eu-west-1.compute.amazonaws.com\/ca\/#\/schema\/logo\/image\/","url":"https:\/\/talaiaplazaecoresort.online\/wp-content\/uploads\/2024\/02\/TALAIA-PLAZA-ECORESORT-LOGOTIPOS.jpg","contentUrl":"https:\/\/talaiaplazaecoresort.online\/wp-content\/uploads\/2024\/02\/TALAIA-PLAZA-ECORESORT-LOGOTIPOS.jpg","width":200,"height":70,"caption":"Talaia Plaza EcoResort"},"image":{"@id":"https:\/\/ec2-34-240-63-179.eu-west-1.compute.amazonaws.com\/ca\/#\/schema\/logo\/image\/"},"sameAs":["https:\/\/www.instagram.com\/talaiaplazaecoresort\/"]}]}},"_links":{"self":[{"href":"https:\/\/talaiaplazaecoresort.online\/fr\/index.php\/wp-json\/wp\/v2\/pages\/1155","targetHints":{"allow":["GET"]}}],"collection":[{"href":"https:\/\/talaiaplazaecoresort.online\/fr\/index.php\/wp-json\/wp\/v2\/pages"}],"about":[{"href":"https:\/\/talaiaplazaecoresort.online\/fr\/index.php\/wp-json\/wp\/v2\/types\/page"}],"author":[{"embeddable":true,"href":"https:\/\/talaiaplazaecoresort.online\/fr\/index.php\/wp-json\/wp\/v2\/users\/2"}],"replies":[{"embeddable":true,"href":"https:\/\/talaiaplazaecoresort.online\/fr\/index.php\/wp-json\/wp\/v2\/comments?post=1155"}],"version-history":[{"count":2,"href":"https:\/\/talaiaplazaecoresort.online\/fr\/index.php\/wp-json\/wp\/v2\/pages\/1155\/revisions"}],"predecessor-version":[{"id":2824,"href":"https:\/\/talaiaplazaecoresort.online\/fr\/index.php\/wp-json\/wp\/v2\/pages\/1155\/revisions\/2824"}],"wp:attachment":[{"href":"https:\/\/talaiaplazaecoresort.online\/fr\/index.php\/wp-json\/wp\/v2\/media?parent=1155"}],"curies":[{"name":"wp","href":"https:\/\/api.w.org\/{rel}","templated":true}]}}