{"id":1153,"date":"2024-02-08T11:02:39","date_gmt":"2024-02-08T10:02:39","guid":{"rendered":"http:\/\/52.19.186.16\/index.php\/barbecue\/"},"modified":"2026-03-30T14:53:29","modified_gmt":"2026-03-30T12:53:29","slug":"barbecue","status":"publish","type":"page","link":"https:\/\/talaiaplazaecoresort.online\/fr\/index.php\/barbecue\/","title":{"rendered":"Takeaway"},"content":{"rendered":"\t\t<div data-elementor-type=\"wp-page\" data-elementor-id=\"1153\" class=\"elementor elementor-1153 elementor-229\" data-elementor-post-type=\"page\">\n\t\t\t\t<div class=\"elementor-element elementor-element-2a7a022 e-flex e-con-boxed elementor-invisible e-con e-parent\" data-id=\"2a7a022\" data-element_type=\"container\" data-e-type=\"container\" data-settings=\"{&quot;background_background&quot;:&quot;classic&quot;,&quot;animation&quot;:&quot;fadeIn&quot;}\">\n\t\t\t\t\t<div class=\"e-con-inner\">\n\t\t\t\t<div class=\"elementor-element elementor-element-069820c elementor-widget elementor-widget-heading\" data-id=\"069820c\" data-element_type=\"widget\" data-e-type=\"widget\" data-widget_type=\"heading.default\">\n\t\t\t\t<div class=\"elementor-widget-container\">\n\t\t\t\t\t<h2 class=\"elementor-heading-title elementor-size-default\">TAKEAWAY<\/h2>\t\t\t\t<\/div>\n\t\t\t\t<\/div>\n\t\t\t\t\t<\/div>\n\t\t\t\t<\/div>\n\t\t<div class=\"elementor-element elementor-element-3a3f149 e-flex e-con-boxed e-con e-parent\" data-id=\"3a3f149\" data-element_type=\"container\" data-e-type=\"container\">\n\t\t\t\t\t<div class=\"e-con-inner\">\n\t\t\t\t<div class=\"elementor-element elementor-element-8b27beb elementor-widget elementor-widget-heading\" data-id=\"8b27beb\" data-element_type=\"widget\" data-e-type=\"widget\" data-widget_type=\"heading.default\">\n\t\t\t\t<div class=\"elementor-widget-container\">\n\t\t\t\t\t<h2 class=\"elementor-heading-title elementor-size-default\">Riz\u200b<\/h2>\t\t\t\t<\/div>\n\t\t\t\t<\/div>\n\t\t\t\t<div class=\"elementor-element elementor-element-68a06db elementor-widget elementor-widget-text-editor\" data-id=\"68a06db\" data-element_type=\"widget\" data-e-type=\"widget\" data-widget_type=\"text-editor.default\">\n\t\t\t\t<div class=\"elementor-widget-container\">\n\t\t\t\t\t\t\t\t\t<p><em>Minimum deux personnes (prix par personne).<\/em><\/p>\t\t\t\t\t\t\t\t<\/div>\n\t\t\t\t<\/div>\n\t\t\t\t<div class=\"elementor-element elementor-element-5bc8872 elementor-widget elementor-widget-price-list\" data-id=\"5bc8872\" data-element_type=\"widget\" data-e-type=\"widget\" data-widget_type=\"price-list.default\">\n\t\t\t\t<div class=\"elementor-widget-container\">\n\t\t\t\t\t\n\t\t<ul class=\"elementor-price-list\">\n\n\t\t\t\t\t\t\t\t\t<li class=\"elementor-price-list-item\">\t\t\t\t\n\t\t\t\t<div class=\"elementor-price-list-text\">\n\t\t\t\t\t\t\t\t\t<div class=\"elementor-price-list-header\">\n\t\t\t\t\t\t\t\t\t\t\t<span class=\"elementor-price-list-title\">\n\t\t\t\t\t\t\tRiz cr\u00e9meux \u00e0 la seiche et aux homard\t\t\t\t\t\t<\/span>\n\t\t\t\t\t\t\t\t\t\t\t\t\t\t\t\t\t\t<span class=\"elementor-price-list-separator\"><\/span>\n\t\t\t\t\t\t\t\t\t\t\t\t\t\t\t\t\t\t\t<span class=\"elementor-price-list-price\">30,87<\/span>\n\t\t\t\t\t\t\t\t\t\t<\/div>\n\t\t\t\t\t\t\t\t\t\t\t\t<\/div>\n\t\t\t\t<\/li>\t\t\t\t\t\t\t\t\t\t\t\t<li class=\"elementor-price-list-item\">\t\t\t\t\n\t\t\t\t<div class=\"elementor-price-list-text\">\n\t\t\t\t\t\t\t\t\t<div class=\"elementor-price-list-header\">\n\t\t\t\t\t\t\t\t\t\t\t<span class=\"elementor-price-list-title\">\n\t\t\t\t\t\t\tRiz du Se\u00f1orito\t\t\t\t\t\t<\/span>\n\t\t\t\t\t\t\t\t\t\t\t\t\t\t\t\t\t\t<span class=\"elementor-price-list-separator\"><\/span>\n\t\t\t\t\t\t\t\t\t\t\t\t\t\t\t\t\t\t\t<span class=\"elementor-price-list-price\">24,50<\/span>\n\t\t\t\t\t\t\t\t\t\t<\/div>\n\t\t\t\t\t\t\t\t\t\t\t\t<\/div>\n\t\t\t\t<\/li>\t\t\t\t\t\t\t\t\t\t\t\t<li class=\"elementor-price-list-item\">\t\t\t\t\n\t\t\t\t<div class=\"elementor-price-list-text\">\n\t\t\t\t\t\t\t\t\t<div class=\"elementor-price-list-header\">\n\t\t\t\t\t\t\t\t\t\t\t<span class=\"elementor-price-list-title\">\n\t\t\t\t\t\t\tRiz Noir\t\t\t\t\t\t<\/span>\n\t\t\t\t\t\t\t\t\t\t\t\t\t\t\t\t\t\t<span class=\"elementor-price-list-separator\"><\/span>\n\t\t\t\t\t\t\t\t\t\t\t\t\t\t\t\t\t\t\t<span class=\"elementor-price-list-price\">24,50<\/span>\n\t\t\t\t\t\t\t\t\t\t<\/div>\n\t\t\t\t\t\t\t\t\t\t\t\t<\/div>\n\t\t\t\t<\/li>\t\t\t\t\t\t\t\t\t\t\t\t<li class=\"elementor-price-list-item\">\t\t\t\t\n\t\t\t\t<div class=\"elementor-price-list-text\">\n\t\t\t\t\t\t\t\t\t<div class=\"elementor-price-list-header\">\n\t\t\t\t\t\t\t\t\t\t\t<span class=\"elementor-price-list-title\">\n\t\t\t\t\t\t\tFideu\u00e0\t\t\t\t\t\t<\/span>\n\t\t\t\t\t\t\t\t\t\t\t\t\t\t\t\t\t\t<span class=\"elementor-price-list-separator\"><\/span>\n\t\t\t\t\t\t\t\t\t\t\t\t\t\t\t\t\t\t\t<span class=\"elementor-price-list-price\">24,00<\/span>\n\t\t\t\t\t\t\t\t\t\t<\/div>\n\t\t\t\t\t\t\t\t\t\t\t\t<\/div>\n\t\t\t\t<\/li>\t\t\t\t\t\n\t\t<\/ul>\n\n\t\t\t\t\t\t<\/div>\n\t\t\t\t<\/div>\n\t\t\t\t<div class=\"elementor-element elementor-element-c134503 elementor-widget elementor-widget-heading\" data-id=\"c134503\" data-element_type=\"widget\" data-e-type=\"widget\" data-widget_type=\"heading.default\">\n\t\t\t\t<div class=\"elementor-widget-container\">\n\t\t\t\t\t<h2 class=\"elementor-heading-title elementor-size-default\">BBQ (portion pour 2 personnes)<\/h2>\t\t\t\t<\/div>\n\t\t\t\t<\/div>\n\t\t\t\t<div class=\"elementor-element elementor-element-8c1f054 elementor-widget elementor-widget-text-editor\" data-id=\"8c1f054\" data-element_type=\"widget\" data-e-type=\"widget\" data-widget_type=\"text-editor.default\">\n\t\t\t\t<div class=\"elementor-widget-container\">\n\t\t\t\t\t\t\t\t\t<p style=\"text-align: left;\"><em><span style=\"color: #000000;\">(Comprend le barbecue \u00e9lectrique, l\u2019huile, le sel et le poivre)<\/span><\/em><\/p>\t\t\t\t\t\t\t\t<\/div>\n\t\t\t\t<\/div>\n\t\t\t\t<div class=\"elementor-element elementor-element-be36f29 elementor-widget elementor-widget-price-list\" data-id=\"be36f29\" data-element_type=\"widget\" data-e-type=\"widget\" data-widget_type=\"price-list.default\">\n\t\t\t\t<div class=\"elementor-widget-container\">\n\t\t\t\t\t\n\t\t<ul class=\"elementor-price-list\">\n\n\t\t\t\t\t\t\t\t\t<li class=\"elementor-price-list-item\">\t\t\t\t\n\t\t\t\t<div class=\"elementor-price-list-text\">\n\t\t\t\t\t\t\t\t\t<div class=\"elementor-price-list-header\">\n\t\t\t\t\t\t\t\t\t\t\t<span class=\"elementor-price-list-title\">\n\t\t\t\t\t\t\tBBQ Steak Grill \t\t\t\t\t\t<\/span>\n\t\t\t\t\t\t\t\t\t\t\t\t\t\t\t\t\t\t<span class=\"elementor-price-list-separator\"><\/span>\n\t\t\t\t\t\t\t\t\t\t\t\t\t\t\t\t\t\t\t<span class=\"elementor-price-list-price\">45,00<\/span>\n\t\t\t\t\t\t\t\t\t\t<\/div>\n\t\t\t\t\t\t\t\t\t\t\t\t\t\t\t<p class=\"elementor-price-list-description\">\n\t\t\t\t\t\t\t1 C\u00f4te de b\u0153uf basse temp\u00e9rature marin\u00e9e en sauce barbecue, 2 steaks hach\u00e9s, 2 filets de dinde, 2 saucisses de Francfort, 2 \u00e9pis de ma\u00efs, beurre, 2 pommes de terre r\u00f4ties, sauce barbecue ou sauce au miel et \u00e0 la moutarde.\t\t\t\t\t\t<\/p>\n\t\t\t\t\t\t\t\t<\/div>\n\t\t\t\t<\/li>\t\t\t\t\t\t\t\t\t\t\t\t<li class=\"elementor-price-list-item\">\t\t\t\t\n\t\t\t\t<div class=\"elementor-price-list-text\">\n\t\t\t\t\t\t\t\t\t<div class=\"elementor-price-list-header\">\n\t\t\t\t\t\t\t\t\t\t\t<span class=\"elementor-price-list-title\">\n\t\t\t\t\t\t\tBBQ Super Chef\t\t\t\t\t\t<\/span>\n\t\t\t\t\t\t\t\t\t\t\t\t\t\t\t\t\t\t<span class=\"elementor-price-list-separator\"><\/span>\n\t\t\t\t\t\t\t\t\t\t\t\t\t\t\t\t\t\t\t<span class=\"elementor-price-list-price\">56,00<\/span>\n\t\t\t\t\t\t\t\t\t\t<\/div>\n\t\t\t\t\t\t\t\t\t\t\t\t\t\t\t<p class=\"elementor-price-list-description\">\n\t\t\t\t\t\t\t1 Entrec\u00f4te, 2 secretos ib\u00e9riques, 2 filets de poulet marin\u00e9s, 1 chistorra, 1 poitrine de porc, 1 choix de l\u00e9gumes grill\u00e9s, 2 pommes de terre r\u00f4ties, sauce chimichurri et sauce picada m\u00e9diterran\u00e9enne.\t\t\t\t\t\t<\/p>\n\t\t\t\t\t\t\t\t<\/div>\n\t\t\t\t<\/li>\t\t\t\t\t\t\t\t\t\t\t\t<li class=\"elementor-price-list-item\">\t\t\t\t\n\t\t\t\t<div class=\"elementor-price-list-text\">\n\t\t\t\t\t\t\t\t\t<div class=\"elementor-price-list-header\">\n\t\t\t\t\t\t\t\t\t\t\t<span class=\"elementor-price-list-title\">\n\t\t\t\t\t\t\tBBQ Aiguablava\t\t\t\t\t\t<\/span>\n\t\t\t\t\t\t\t\t\t\t\t\t\t\t\t\t\t\t<span class=\"elementor-price-list-separator\"><\/span>\n\t\t\t\t\t\t\t\t\t\t\t\t\t\t\t\t\t\t\t<span class=\"elementor-price-list-price\">39,00<\/span>\n\t\t\t\t\t\t\t\t\t\t<\/div>\n\t\t\t\t\t\t\t\t\t\t\t\t\t\t\t<p class=\"elementor-price-list-description\">\n\t\t\t\t\t\t\t2 Daurades ou bars, grosses crevettes, asperges vertes, tomates de G\u00e9rone, oignons de Figueres, sauce picada m\u00e9diterran\u00e9enne et sauce aux agrumes.\t\t\t\t\t\t<\/p>\n\t\t\t\t\t\t\t\t<\/div>\n\t\t\t\t<\/li>\t\t\t\t\t\t\t\t\t\t\t\t<li class=\"elementor-price-list-item\">\t\t\t\t\n\t\t\t\t<div class=\"elementor-price-list-text\">\n\t\t\t\t\t\t\t\t\t<div class=\"elementor-price-list-header\">\n\t\t\t\t\t\t\t\t\t\t\t<span class=\"elementor-price-list-title\">\n\t\t\t\t\t\t\tBBQ Farigola\t\t\t\t\t\t<\/span>\n\t\t\t\t\t\t\t\t\t\t\t\t\t\t\t\t\t\t<span class=\"elementor-price-list-separator\"><\/span>\n\t\t\t\t\t\t\t\t\t\t\t\t\t\t\t\t\t\t\t<span class=\"elementor-price-list-price\">19,00<\/span>\n\t\t\t\t\t\t\t\t\t\t<\/div>\n\t\t\t\t\t\t\t\t\t\t\t\t\t\t\t<p class=\"elementor-price-list-description\">\n\t\t\t\t\t\t\t2 Beyond Burgers (v\u00e9gans), saucisses v\u00e9ganes, bacon v\u00e9gan, chorizo v\u00e9gan, 4 brochettes de l\u00e9gumes, pommes de terre r\u00f4ties, sauce chimichurri et sauce picada m\u00e9diterran\u00e9enne.\t\t\t\t\t\t<\/p>\n\t\t\t\t\t\t\t\t<\/div>\n\t\t\t\t<\/li>\t\t\t\t\t\n\t\t<\/ul>\n\n\t\t\t\t\t\t<\/div>\n\t\t\t\t<\/div>\n\t\t\t\t\t<\/div>\n\t\t\t\t<\/div>\n\t\t\t\t<\/div>\n\t\t","protected":false},"excerpt":{"rendered":"<p>TAKEAWAY Riz\u200b Minimum deux personnes (prix par personne). Riz cr\u00e9meux \u00e0 la seiche et aux homard 30,87 Riz du Se\u00f1orito [&hellip;]<\/p>\n","protected":false},"author":2,"featured_media":0,"parent":0,"menu_order":0,"comment_status":"closed","ping_status":"closed","template":"","meta":{"_eb_attr":"","site-sidebar-layout":"no-sidebar","site-content-layout":"","ast-site-content-layout":"full-width-container","site-content-style":"default","site-sidebar-style":"default","ast-global-header-display":"","ast-banner-title-visibility":"disabled","ast-main-header-display":"","ast-hfb-above-header-display":"","ast-hfb-below-header-display":"","ast-hfb-mobile-header-display":"","site-post-title":"disabled","ast-breadcrumbs-content":"","ast-featured-img":"disabled","footer-sml-layout":"disabled","ast-disable-related-posts":"","theme-transparent-header-meta":"","adv-header-id-meta":"","stick-header-meta":"","header-above-stick-meta":"","header-main-stick-meta":"","header-below-stick-meta":"","astra-migrate-meta-layouts":"default","ast-page-background-enabled":"default","ast-page-background-meta":{"desktop":{"background-color":"var(--ast-global-color-4)","background-image":"","background-repeat":"repeat","background-position":"center center","background-size":"auto","background-attachment":"scroll","background-type":"","background-media":"","overlay-type":"","overlay-color":"","overlay-opacity":"","overlay-gradient":""},"tablet":{"background-color":"","background-image":"","background-repeat":"repeat","background-position":"center center","background-size":"auto","background-attachment":"scroll","background-type":"","background-media":"","overlay-type":"","overlay-color":"","overlay-opacity":"","overlay-gradient":""},"mobile":{"background-color":"","background-image":"","background-repeat":"repeat","background-position":"center center","background-size":"auto","background-attachment":"scroll","background-type":"","background-media":"","overlay-type":"","overlay-color":"","overlay-opacity":"","overlay-gradient":""}},"ast-content-background-meta":{"desktop":{"background-color":"var(--ast-global-color-5)","background-image":"","background-repeat":"repeat","background-position":"center center","background-size":"auto","background-attachment":"scroll","background-type":"","background-media":"","overlay-type":"","overlay-color":"","overlay-opacity":"","overlay-gradient":""},"tablet":{"background-color":"var(--ast-global-color-5)","background-image":"","background-repeat":"repeat","background-position":"center center","background-size":"auto","background-attachment":"scroll","background-type":"","background-media":"","overlay-type":"","overlay-color":"","overlay-opacity":"","overlay-gradient":""},"mobile":{"background-color":"var(--ast-global-color-5)","background-image":"","background-repeat":"repeat","background-position":"center center","background-size":"auto","background-attachment":"scroll","background-type":"","background-media":"","overlay-type":"","overlay-color":"","overlay-opacity":"","overlay-gradient":""}},"footnotes":""},"class_list":["post-1153","page","type-page","status-publish","hentry"],"yoast_head":"<!-- This site is optimized with the Yoast SEO plugin v27.6 - https:\/\/yoast.com\/product\/yoast-seo-wordpress\/ -->\n<title>Takeaway - Talaia Plaza EcoResort<\/title>\n<meta name=\"robots\" content=\"noindex, follow, max-snippet:-1, max-image-preview:large, max-video-preview:-1\" \/>\n<meta property=\"og:locale\" content=\"fr_FR\" \/>\n<meta property=\"og:type\" content=\"article\" \/>\n<meta property=\"og:title\" content=\"Takeaway - Talaia Plaza EcoResort\" \/>\n<meta property=\"og:description\" content=\"TAKEAWAY Riz\u200b Minimum deux personnes (prix par personne). Riz cr\u00e9meux \u00e0 la seiche et aux homard 30,87 Riz du Se\u00f1orito [&hellip;]\" \/>\n<meta property=\"og:url\" content=\"https:\/\/talaiaplazaecoresort.online\/fr\/index.php\/barbecue\/\" \/>\n<meta property=\"og:site_name\" content=\"Talaia Plaza EcoResort\" \/>\n<meta property=\"article:modified_time\" content=\"2026-03-30T12:53:29+00:00\" \/>\n<meta name=\"twitter:card\" content=\"summary_large_image\" \/>\n<script type=\"application\/ld+json\" class=\"yoast-schema-graph\">{\"@context\":\"https:\\\/\\\/schema.org\",\"@graph\":[{\"@type\":\"WebPage\",\"@id\":\"https:\\\/\\\/talaiaplazaecoresort.online\\\/fr\\\/index.php\\\/barbecue\\\/\",\"url\":\"https:\\\/\\\/talaiaplazaecoresort.online\\\/fr\\\/index.php\\\/barbecue\\\/\",\"name\":\"Takeaway - Talaia Plaza EcoResort\",\"isPartOf\":{\"@id\":\"https:\\\/\\\/ec2-34-240-63-179.eu-west-1.compute.amazonaws.com\\\/ca\\\/#website\"},\"datePublished\":\"2024-02-08T10:02:39+00:00\",\"dateModified\":\"2026-03-30T12:53:29+00:00\",\"breadcrumb\":{\"@id\":\"https:\\\/\\\/talaiaplazaecoresort.online\\\/fr\\\/index.php\\\/barbecue\\\/#breadcrumb\"},\"inLanguage\":\"fr-FR\",\"potentialAction\":[{\"@type\":\"ReadAction\",\"target\":[\"https:\\\/\\\/talaiaplazaecoresort.online\\\/fr\\\/index.php\\\/barbecue\\\/\"]}]},{\"@type\":\"BreadcrumbList\",\"@id\":\"https:\\\/\\\/talaiaplazaecoresort.online\\\/fr\\\/index.php\\\/barbecue\\\/#breadcrumb\",\"itemListElement\":[{\"@type\":\"ListItem\",\"position\":1,\"name\":\"Portada\",\"item\":\"https:\\\/\\\/talaiaplazaecoresort.online\\\/fr\\\/index.php\\\/accueil\\\/\"},{\"@type\":\"ListItem\",\"position\":2,\"name\":\"Takeaway\"}]},{\"@type\":\"WebSite\",\"@id\":\"https:\\\/\\\/ec2-34-240-63-179.eu-west-1.compute.amazonaws.com\\\/ca\\\/#website\",\"url\":\"https:\\\/\\\/ec2-34-240-63-179.eu-west-1.compute.amazonaws.com\\\/ca\\\/\",\"name\":\"Talaia Plaza EcoResort\",\"description\":\"Alojamiento sostenible en el coraz\u00f3n de Empord\u00e0. Talaia Ecoresort\",\"publisher\":{\"@id\":\"https:\\\/\\\/ec2-34-240-63-179.eu-west-1.compute.amazonaws.com\\\/ca\\\/#organization\"},\"alternateName\":\"Talaia Plaza EcoResort\",\"potentialAction\":[{\"@type\":\"SearchAction\",\"target\":{\"@type\":\"EntryPoint\",\"urlTemplate\":\"https:\\\/\\\/ec2-34-240-63-179.eu-west-1.compute.amazonaws.com\\\/ca\\\/?s={search_term_string}\"},\"query-input\":{\"@type\":\"PropertyValueSpecification\",\"valueRequired\":true,\"valueName\":\"search_term_string\"}}],\"inLanguage\":\"fr-FR\"},{\"@type\":\"Organization\",\"@id\":\"https:\\\/\\\/ec2-34-240-63-179.eu-west-1.compute.amazonaws.com\\\/ca\\\/#organization\",\"name\":\"Talaia Plaza EcoResort\",\"alternateName\":\"Talaia Plaza EcoResort\",\"url\":\"https:\\\/\\\/ec2-34-240-63-179.eu-west-1.compute.amazonaws.com\\\/ca\\\/\",\"logo\":{\"@type\":\"ImageObject\",\"inLanguage\":\"fr-FR\",\"@id\":\"https:\\\/\\\/ec2-34-240-63-179.eu-west-1.compute.amazonaws.com\\\/ca\\\/#\\\/schema\\\/logo\\\/image\\\/\",\"url\":\"https:\\\/\\\/talaiaplazaecoresort.online\\\/wp-content\\\/uploads\\\/2024\\\/02\\\/TALAIA-PLAZA-ECORESORT-LOGOTIPOS.jpg\",\"contentUrl\":\"https:\\\/\\\/talaiaplazaecoresort.online\\\/wp-content\\\/uploads\\\/2024\\\/02\\\/TALAIA-PLAZA-ECORESORT-LOGOTIPOS.jpg\",\"width\":200,\"height\":70,\"caption\":\"Talaia Plaza EcoResort\"},\"image\":{\"@id\":\"https:\\\/\\\/ec2-34-240-63-179.eu-west-1.compute.amazonaws.com\\\/ca\\\/#\\\/schema\\\/logo\\\/image\\\/\"},\"sameAs\":[\"https:\\\/\\\/www.instagram.com\\\/talaiaplazaecoresort\\\/\"]}]}<\/script>\n<!-- \/ Yoast SEO plugin. -->","yoast_head_json":{"title":"Takeaway - Talaia Plaza EcoResort","robots":{"index":"noindex","follow":"follow","max-snippet":"max-snippet:-1","max-image-preview":"max-image-preview:large","max-video-preview":"max-video-preview:-1"},"og_locale":"fr_FR","og_type":"article","og_title":"Takeaway - Talaia Plaza EcoResort","og_description":"TAKEAWAY Riz\u200b Minimum deux personnes (prix par personne). Riz cr\u00e9meux \u00e0 la seiche et aux homard 30,87 Riz du Se\u00f1orito [&hellip;]","og_url":"https:\/\/talaiaplazaecoresort.online\/fr\/index.php\/barbecue\/","og_site_name":"Talaia Plaza EcoResort","article_modified_time":"2026-03-30T12:53:29+00:00","twitter_card":"summary_large_image","schema":{"@context":"https:\/\/schema.org","@graph":[{"@type":"WebPage","@id":"https:\/\/talaiaplazaecoresort.online\/fr\/index.php\/barbecue\/","url":"https:\/\/talaiaplazaecoresort.online\/fr\/index.php\/barbecue\/","name":"Takeaway - Talaia Plaza EcoResort","isPartOf":{"@id":"https:\/\/ec2-34-240-63-179.eu-west-1.compute.amazonaws.com\/ca\/#website"},"datePublished":"2024-02-08T10:02:39+00:00","dateModified":"2026-03-30T12:53:29+00:00","breadcrumb":{"@id":"https:\/\/talaiaplazaecoresort.online\/fr\/index.php\/barbecue\/#breadcrumb"},"inLanguage":"fr-FR","potentialAction":[{"@type":"ReadAction","target":["https:\/\/talaiaplazaecoresort.online\/fr\/index.php\/barbecue\/"]}]},{"@type":"BreadcrumbList","@id":"https:\/\/talaiaplazaecoresort.online\/fr\/index.php\/barbecue\/#breadcrumb","itemListElement":[{"@type":"ListItem","position":1,"name":"Portada","item":"https:\/\/talaiaplazaecoresort.online\/fr\/index.php\/accueil\/"},{"@type":"ListItem","position":2,"name":"Takeaway"}]},{"@type":"WebSite","@id":"https:\/\/ec2-34-240-63-179.eu-west-1.compute.amazonaws.com\/ca\/#website","url":"https:\/\/ec2-34-240-63-179.eu-west-1.compute.amazonaws.com\/ca\/","name":"Talaia Plaza EcoResort","description":"Alojamiento sostenible en el coraz\u00f3n de Empord\u00e0. Talaia Ecoresort","publisher":{"@id":"https:\/\/ec2-34-240-63-179.eu-west-1.compute.amazonaws.com\/ca\/#organization"},"alternateName":"Talaia Plaza EcoResort","potentialAction":[{"@type":"SearchAction","target":{"@type":"EntryPoint","urlTemplate":"https:\/\/ec2-34-240-63-179.eu-west-1.compute.amazonaws.com\/ca\/?s={search_term_string}"},"query-input":{"@type":"PropertyValueSpecification","valueRequired":true,"valueName":"search_term_string"}}],"inLanguage":"fr-FR"},{"@type":"Organization","@id":"https:\/\/ec2-34-240-63-179.eu-west-1.compute.amazonaws.com\/ca\/#organization","name":"Talaia Plaza EcoResort","alternateName":"Talaia Plaza EcoResort","url":"https:\/\/ec2-34-240-63-179.eu-west-1.compute.amazonaws.com\/ca\/","logo":{"@type":"ImageObject","inLanguage":"fr-FR","@id":"https:\/\/ec2-34-240-63-179.eu-west-1.compute.amazonaws.com\/ca\/#\/schema\/logo\/image\/","url":"https:\/\/talaiaplazaecoresort.online\/wp-content\/uploads\/2024\/02\/TALAIA-PLAZA-ECORESORT-LOGOTIPOS.jpg","contentUrl":"https:\/\/talaiaplazaecoresort.online\/wp-content\/uploads\/2024\/02\/TALAIA-PLAZA-ECORESORT-LOGOTIPOS.jpg","width":200,"height":70,"caption":"Talaia Plaza EcoResort"},"image":{"@id":"https:\/\/ec2-34-240-63-179.eu-west-1.compute.amazonaws.com\/ca\/#\/schema\/logo\/image\/"},"sameAs":["https:\/\/www.instagram.com\/talaiaplazaecoresort\/"]}]}},"_links":{"self":[{"href":"https:\/\/talaiaplazaecoresort.online\/fr\/index.php\/wp-json\/wp\/v2\/pages\/1153","targetHints":{"allow":["GET"]}}],"collection":[{"href":"https:\/\/talaiaplazaecoresort.online\/fr\/index.php\/wp-json\/wp\/v2\/pages"}],"about":[{"href":"https:\/\/talaiaplazaecoresort.online\/fr\/index.php\/wp-json\/wp\/v2\/types\/page"}],"author":[{"embeddable":true,"href":"https:\/\/talaiaplazaecoresort.online\/fr\/index.php\/wp-json\/wp\/v2\/users\/2"}],"replies":[{"embeddable":true,"href":"https:\/\/talaiaplazaecoresort.online\/fr\/index.php\/wp-json\/wp\/v2\/comments?post=1153"}],"version-history":[{"count":8,"href":"https:\/\/talaiaplazaecoresort.online\/fr\/index.php\/wp-json\/wp\/v2\/pages\/1153\/revisions"}],"predecessor-version":[{"id":3421,"href":"https:\/\/talaiaplazaecoresort.online\/fr\/index.php\/wp-json\/wp\/v2\/pages\/1153\/revisions\/3421"}],"wp:attachment":[{"href":"https:\/\/talaiaplazaecoresort.online\/fr\/index.php\/wp-json\/wp\/v2\/media?parent=1153"}],"curies":[{"name":"wp","href":"https:\/\/api.w.org\/{rel}","templated":true}]}}