{"id":1152,"date":"2024-02-08T10:55:11","date_gmt":"2024-02-08T09:55:11","guid":{"rendered":"http:\/\/52.19.186.16\/index.php\/coffre-fort\/"},"modified":"2025-04-22T09:37:48","modified_gmt":"2025-04-22T07:37:48","slug":"coffre-fort","status":"publish","type":"page","link":"https:\/\/talaiaplazaecoresort.online\/fr\/index.php\/coffre-fort\/","title":{"rendered":"Coffre-fort"},"content":{"rendered":"\t\t<div data-elementor-type=\"wp-page\" data-elementor-id=\"1152\" class=\"elementor elementor-1152 elementor-209\" data-elementor-post-type=\"page\">\n\t\t\t\t<div class=\"elementor-element elementor-element-c25e0b2 e-flex e-con-boxed elementor-invisible e-con e-parent\" data-id=\"c25e0b2\" data-element_type=\"container\" data-e-type=\"container\" data-settings=\"{&quot;background_background&quot;:&quot;classic&quot;,&quot;animation&quot;:&quot;fadeIn&quot;}\">\n\t\t\t\t\t<div class=\"e-con-inner\">\n\t\t\t\t<div class=\"elementor-element elementor-element-65f0d00 elementor-widget elementor-widget-heading\" data-id=\"65f0d00\" data-element_type=\"widget\" data-e-type=\"widget\" data-widget_type=\"heading.default\">\n\t\t\t\t<div class=\"elementor-widget-container\">\n\t\t\t\t\t<h2 class=\"elementor-heading-title elementor-size-default\">Coffre-fort<\/h2>\t\t\t\t<\/div>\n\t\t\t\t<\/div>\n\t\t\t\t\t<\/div>\n\t\t\t\t<\/div>\n\t\t<div class=\"elementor-element elementor-element-fe33c89 e-flex e-con-boxed elementor-invisible e-con e-parent\" data-id=\"fe33c89\" data-element_type=\"container\" data-e-type=\"container\" data-settings=\"{&quot;animation&quot;:&quot;fadeIn&quot;,&quot;animation_delay&quot;:20}\">\n\t\t\t\t\t<div class=\"e-con-inner\">\n\t\t\t\t<div class=\"elementor-element elementor-element-96fa9b5 elementor-widget elementor-widget-text-editor\" data-id=\"96fa9b5\" data-element_type=\"widget\" data-e-type=\"widget\" data-widget_type=\"text-editor.default\">\n\t\t\t\t<div class=\"elementor-widget-container\">\n\t\t\t\t\t\t\t\t\t<section class=\"elementor-section elementor-top-section elementor-element elementor-element-61b8545 elementor-section-boxed elementor-section-height-default elementor-section-height-default\" data-id=\"61b8545\" data-element_type=\"section\">\n<div class=\"elementor-container elementor-column-gap-default\">\n<div class=\"elementor-column elementor-col-100 elementor-top-column elementor-element elementor-element-91e86f7\" data-id=\"91e86f7\" data-element_type=\"column\">\n<div class=\"elementor-widget-wrap elementor-element-populated\">\n<div class=\"elementor-element elementor-element-eea0603 elementor-widget elementor-widget-heading\" data-id=\"eea0603\" data-element_type=\"widget\" data-widget_type=\"heading.default\">\n<p class=\"elementor-widget-container\" style=\"text-align: center;\"><span style=\"font-size: 16px;\">Nous vous recommandons d\u2019utiliser le coffre-fort de votre chambre.<br \/>La direction du resort d\u00e9cline toute responsabilit\u00e9 en cas de perte de bijoux, d&rsquo;argent ou d\u2019objets de valeur laiss\u00e9s dans la chambre ou ailleurs dans l\u2019h\u00f4tel. <\/span><\/p>\n<\/div>\n<\/div>\n<\/div>\n<\/div>\n<\/section>\n\t\t\t\t\t\t\t\t<\/div>\n\t\t\t\t<\/div>\n\t\t\t\t\t<\/div>\n\t\t\t\t<\/div>\n\t\t<div class=\"elementor-element elementor-element-618c1af e-flex e-con-boxed elementor-invisible e-con e-parent\" data-id=\"618c1af\" data-element_type=\"container\" data-e-type=\"container\" data-settings=\"{&quot;background_background&quot;:&quot;classic&quot;,&quot;animation&quot;:&quot;fadeIn&quot;,&quot;animation_delay&quot;:40}\">\n\t\t\t\t\t<div class=\"e-con-inner\">\n\t\t\t\t<div class=\"elementor-element elementor-element-8527b88 elementor-widget elementor-widget-text-editor\" data-id=\"8527b88\" data-element_type=\"widget\" data-e-type=\"widget\" data-widget_type=\"text-editor.default\">\n\t\t\t\t<div class=\"elementor-widget-container\">\n\t\t\t\t\t\t\t\t\t<section class=\"elementor-section elementor-top-section elementor-element elementor-element-61b8545 elementor-section-boxed elementor-section-height-default elementor-section-height-default\" data-id=\"61b8545\" data-element_type=\"section\">\n<div class=\"elementor-container elementor-column-gap-default\">\n<div class=\"elementor-column elementor-col-100 elementor-top-column elementor-element elementor-element-91e86f7\" data-id=\"91e86f7\" data-element_type=\"column\">\n<div class=\"elementor-widget-wrap elementor-element-populated\">\n<div class=\"elementor-element elementor-element-eea0603 elementor-widget elementor-widget-heading\" style=\"text-align: center;\" data-id=\"eea0603\" data-element_type=\"widget\" data-widget_type=\"heading.default\"><span style=\"color: #ffffff;\"><strong style=\"font-size: 1.3em;\">INSTRUCTIONS<\/strong><\/span><\/div>\n<div class=\"elementor-element elementor-element-eea0603 elementor-widget elementor-widget-heading\" style=\"text-align: center;\" data-id=\"eea0603\" data-element_type=\"widget\" data-widget_type=\"heading.default\"><span style=\"color: #ffffff;\"><strong style=\"font-size: 16px;\">Pour verrouiller :<\/strong><\/span><\/div>\n<div class=\"elementor-element elementor-element-eea0603 elementor-widget elementor-widget-heading\" style=\"text-align: center;\" data-id=\"eea0603\" data-element_type=\"widget\" data-widget_type=\"heading.default\"><span style=\"font-size: 16px; color: #ffffff;\">1. Entrez votre code \u00e0 4 chiffres.<\/span><\/div>\n<div class=\"elementor-element elementor-element-eea0603 elementor-widget elementor-widget-heading\" style=\"text-align: center;\" data-id=\"eea0603\" data-element_type=\"widget\" data-widget_type=\"heading.default\"><span style=\"font-size: 16px; color: #ffffff;\">2. Maintenez la porte ferm\u00e9e tout en appuyant sur \u00ab#\u00bb (lock).<\/span><\/div>\n<div class=\"elementor-element elementor-element-eea0603 elementor-widget elementor-widget-heading\" style=\"text-align: center;\" data-id=\"eea0603\" data-element_type=\"widget\" data-widget_type=\"heading.default\"><span style=\"color: #ffffff;\"><strong style=\"font-size: 16px;\">Pour d\u00e9verrouiller :<\/strong><\/span><\/div>\n<div class=\"elementor-element elementor-element-eea0603 elementor-widget elementor-widget-heading\" style=\"text-align: center;\" data-id=\"eea0603\" data-element_type=\"widget\" data-widget_type=\"heading.default\"><span style=\"font-size: 16px; color: #ffffff;\">1. Entrez votre code \u00e0 4 chiffres.<\/span><\/div>\n<div class=\"elementor-element elementor-element-eea0603 elementor-widget elementor-widget-heading\" style=\"text-align: center;\" data-id=\"eea0603\" data-element_type=\"widget\" data-widget_type=\"heading.default\"><span style=\"color: #ffffff;\"><strong style=\"font-size: 16px;\">Important :<\/strong><\/span><\/div>\n<div class=\"elementor-element elementor-element-eea0603 elementor-widget elementor-widget-heading\" style=\"text-align: center;\" data-id=\"eea0603\" data-element_type=\"widget\" data-widget_type=\"heading.default\"><span style=\"font-size: 16px; color: #ffffff;\">Avant de quitter l\u2019\u00e9tablissement, pensez \u00e0 r\u00e9cup\u00e9rer vos effets personnels et laissez la porte<\/span><\/div>\n<div class=\"elementor-element elementor-element-eea0603 elementor-widget elementor-widget-heading\" style=\"text-align: center;\" data-id=\"eea0603\" data-element_type=\"widget\" data-widget_type=\"heading.default\"><span style=\"font-size: 16px; color: #ffffff;\">ouverte pour le prochain client.<\/span><\/div>\n<div class=\"elementor-element elementor-element-eea0603 elementor-widget elementor-widget-heading\" style=\"text-align: center;\" data-id=\"eea0603\" data-element_type=\"widget\" data-widget_type=\"heading.default\"><span style=\"font-size: 16px; color: #ffffff;\">Pour les objets de valeur ou effets personnels d\u00e9passant la limite de responsabilit\u00e9 de l\u2019h\u00f4tel, ils ne seront accept\u00e9s que s\u2019ils sont remis contre re\u00e7u.<br \/>Ce service doit \u00eatre demand\u00e9 par le client et les objets seront gard\u00e9s dans le coffre principal de l\u2019h\u00f4tel.<\/p>\n<p><\/span><\/div>\n<div class=\"elementor-element elementor-element-eea0603 elementor-widget elementor-widget-heading\" style=\"text-align: center;\" data-id=\"eea0603\" data-element_type=\"widget\" data-widget_type=\"heading.default\"><span style=\"font-size: 16px; color: #ffffff;\">L\u2019h\u00f4tel se r\u00e9serve le droit d\u2019accepter ou de refuser cette garde.<\/span><\/div>\n<div class=\"elementor-element elementor-element-eea0603 elementor-widget elementor-widget-heading\" style=\"text-align: center;\" data-id=\"eea0603\" data-element_type=\"widget\" data-widget_type=\"heading.default\"> <\/div>\n<\/div>\n<\/div>\n<\/div>\n<\/section>\n\t\t\t\t\t\t\t\t<\/div>\n\t\t\t\t<\/div>\n\t\t\t\t\t<\/div>\n\t\t\t\t<\/div>\n\t\t\t\t<\/div>\n\t\t","protected":false},"excerpt":{"rendered":"<p>Coffre-fort Nous vous recommandons d\u2019utiliser le coffre-fort de votre chambre.La direction du resort d\u00e9cline toute responsabilit\u00e9 en cas de perte [&hellip;]<\/p>\n","protected":false},"author":2,"featured_media":0,"parent":0,"menu_order":0,"comment_status":"closed","ping_status":"closed","template":"","meta":{"_eb_attr":"","site-sidebar-layout":"no-sidebar","site-content-layout":"","ast-site-content-layout":"full-width-container","site-content-style":"default","site-sidebar-style":"default","ast-global-header-display":"","ast-banner-title-visibility":"disabled","ast-main-header-display":"","ast-hfb-above-header-display":"","ast-hfb-below-header-display":"","ast-hfb-mobile-header-display":"","site-post-title":"disabled","ast-breadcrumbs-content":"","ast-featured-img":"disabled","footer-sml-layout":"disabled","ast-disable-related-posts":"","theme-transparent-header-meta":"","adv-header-id-meta":"","stick-header-meta":"","header-above-stick-meta":"","header-main-stick-meta":"","header-below-stick-meta":"","astra-migrate-meta-layouts":"default","ast-page-background-enabled":"default","ast-page-background-meta":{"desktop":{"background-color":"var(--ast-global-color-4)","background-image":"","background-repeat":"repeat","background-position":"center center","background-size":"auto","background-attachment":"scroll","background-type":"","background-media":"","overlay-type":"","overlay-color":"","overlay-opacity":"","overlay-gradient":""},"tablet":{"background-color":"","background-image":"","background-repeat":"repeat","background-position":"center center","background-size":"auto","background-attachment":"scroll","background-type":"","background-media":"","overlay-type":"","overlay-color":"","overlay-opacity":"","overlay-gradient":""},"mobile":{"background-color":"","background-image":"","background-repeat":"repeat","background-position":"center center","background-size":"auto","background-attachment":"scroll","background-type":"","background-media":"","overlay-type":"","overlay-color":"","overlay-opacity":"","overlay-gradient":""}},"ast-content-background-meta":{"desktop":{"background-color":"var(--ast-global-color-5)","background-image":"","background-repeat":"repeat","background-position":"center center","background-size":"auto","background-attachment":"scroll","background-type":"","background-media":"","overlay-type":"","overlay-color":"","overlay-opacity":"","overlay-gradient":""},"tablet":{"background-color":"var(--ast-global-color-5)","background-image":"","background-repeat":"repeat","background-position":"center center","background-size":"auto","background-attachment":"scroll","background-type":"","background-media":"","overlay-type":"","overlay-color":"","overlay-opacity":"","overlay-gradient":""},"mobile":{"background-color":"var(--ast-global-color-5)","background-image":"","background-repeat":"repeat","background-position":"center center","background-size":"auto","background-attachment":"scroll","background-type":"","background-media":"","overlay-type":"","overlay-color":"","overlay-opacity":"","overlay-gradient":""}},"footnotes":""},"class_list":["post-1152","page","type-page","status-publish","hentry"],"yoast_head":"<!-- This site is optimized with the Yoast SEO plugin v27.6 - https:\/\/yoast.com\/product\/yoast-seo-wordpress\/ -->\n<title>Coffre-fort - Talaia Plaza EcoResort<\/title>\n<meta name=\"robots\" content=\"noindex, follow, max-snippet:-1, max-image-preview:large, max-video-preview:-1\" \/>\n<meta property=\"og:locale\" content=\"fr_FR\" \/>\n<meta property=\"og:type\" content=\"article\" \/>\n<meta property=\"og:title\" content=\"Coffre-fort - Talaia Plaza EcoResort\" \/>\n<meta property=\"og:description\" content=\"Coffre-fort Nous vous recommandons d\u2019utiliser le coffre-fort de votre chambre.La direction du resort d\u00e9cline toute responsabilit\u00e9 en cas de perte [&hellip;]\" \/>\n<meta property=\"og:url\" content=\"https:\/\/talaiaplazaecoresort.online\/fr\/index.php\/coffre-fort\/\" \/>\n<meta property=\"og:site_name\" content=\"Talaia Plaza EcoResort\" \/>\n<meta property=\"article:modified_time\" content=\"2025-04-22T07:37:48+00:00\" \/>\n<meta name=\"twitter:card\" content=\"summary_large_image\" \/>\n<script type=\"application\/ld+json\" class=\"yoast-schema-graph\">{\"@context\":\"https:\\\/\\\/schema.org\",\"@graph\":[{\"@type\":\"WebPage\",\"@id\":\"https:\\\/\\\/talaiaplazaecoresort.online\\\/fr\\\/index.php\\\/coffre-fort\\\/\",\"url\":\"https:\\\/\\\/talaiaplazaecoresort.online\\\/fr\\\/index.php\\\/coffre-fort\\\/\",\"name\":\"Coffre-fort - Talaia Plaza EcoResort\",\"isPartOf\":{\"@id\":\"https:\\\/\\\/ec2-34-240-63-179.eu-west-1.compute.amazonaws.com\\\/ca\\\/#website\"},\"datePublished\":\"2024-02-08T09:55:11+00:00\",\"dateModified\":\"2025-04-22T07:37:48+00:00\",\"breadcrumb\":{\"@id\":\"https:\\\/\\\/talaiaplazaecoresort.online\\\/fr\\\/index.php\\\/coffre-fort\\\/#breadcrumb\"},\"inLanguage\":\"fr-FR\",\"potentialAction\":[{\"@type\":\"ReadAction\",\"target\":[\"https:\\\/\\\/talaiaplazaecoresort.online\\\/fr\\\/index.php\\\/coffre-fort\\\/\"]}]},{\"@type\":\"BreadcrumbList\",\"@id\":\"https:\\\/\\\/talaiaplazaecoresort.online\\\/fr\\\/index.php\\\/coffre-fort\\\/#breadcrumb\",\"itemListElement\":[{\"@type\":\"ListItem\",\"position\":1,\"name\":\"Portada\",\"item\":\"https:\\\/\\\/talaiaplazaecoresort.online\\\/fr\\\/index.php\\\/accueil\\\/\"},{\"@type\":\"ListItem\",\"position\":2,\"name\":\"Coffre-fort\"}]},{\"@type\":\"WebSite\",\"@id\":\"https:\\\/\\\/ec2-34-240-63-179.eu-west-1.compute.amazonaws.com\\\/ca\\\/#website\",\"url\":\"https:\\\/\\\/ec2-34-240-63-179.eu-west-1.compute.amazonaws.com\\\/ca\\\/\",\"name\":\"Talaia Plaza EcoResort\",\"description\":\"Alojamiento sostenible en el coraz\u00f3n de Empord\u00e0. Talaia Ecoresort\",\"publisher\":{\"@id\":\"https:\\\/\\\/ec2-34-240-63-179.eu-west-1.compute.amazonaws.com\\\/ca\\\/#organization\"},\"alternateName\":\"Talaia Plaza EcoResort\",\"potentialAction\":[{\"@type\":\"SearchAction\",\"target\":{\"@type\":\"EntryPoint\",\"urlTemplate\":\"https:\\\/\\\/ec2-34-240-63-179.eu-west-1.compute.amazonaws.com\\\/ca\\\/?s={search_term_string}\"},\"query-input\":{\"@type\":\"PropertyValueSpecification\",\"valueRequired\":true,\"valueName\":\"search_term_string\"}}],\"inLanguage\":\"fr-FR\"},{\"@type\":\"Organization\",\"@id\":\"https:\\\/\\\/ec2-34-240-63-179.eu-west-1.compute.amazonaws.com\\\/ca\\\/#organization\",\"name\":\"Talaia Plaza EcoResort\",\"alternateName\":\"Talaia Plaza EcoResort\",\"url\":\"https:\\\/\\\/ec2-34-240-63-179.eu-west-1.compute.amazonaws.com\\\/ca\\\/\",\"logo\":{\"@type\":\"ImageObject\",\"inLanguage\":\"fr-FR\",\"@id\":\"https:\\\/\\\/ec2-34-240-63-179.eu-west-1.compute.amazonaws.com\\\/ca\\\/#\\\/schema\\\/logo\\\/image\\\/\",\"url\":\"https:\\\/\\\/talaiaplazaecoresort.online\\\/wp-content\\\/uploads\\\/2024\\\/02\\\/TALAIA-PLAZA-ECORESORT-LOGOTIPOS.jpg\",\"contentUrl\":\"https:\\\/\\\/talaiaplazaecoresort.online\\\/wp-content\\\/uploads\\\/2024\\\/02\\\/TALAIA-PLAZA-ECORESORT-LOGOTIPOS.jpg\",\"width\":200,\"height\":70,\"caption\":\"Talaia Plaza EcoResort\"},\"image\":{\"@id\":\"https:\\\/\\\/ec2-34-240-63-179.eu-west-1.compute.amazonaws.com\\\/ca\\\/#\\\/schema\\\/logo\\\/image\\\/\"},\"sameAs\":[\"https:\\\/\\\/www.instagram.com\\\/talaiaplazaecoresort\\\/\"]}]}<\/script>\n<!-- \/ Yoast SEO plugin. -->","yoast_head_json":{"title":"Coffre-fort - Talaia Plaza EcoResort","robots":{"index":"noindex","follow":"follow","max-snippet":"max-snippet:-1","max-image-preview":"max-image-preview:large","max-video-preview":"max-video-preview:-1"},"og_locale":"fr_FR","og_type":"article","og_title":"Coffre-fort - Talaia Plaza EcoResort","og_description":"Coffre-fort Nous vous recommandons d\u2019utiliser le coffre-fort de votre chambre.La direction du resort d\u00e9cline toute responsabilit\u00e9 en cas de perte [&hellip;]","og_url":"https:\/\/talaiaplazaecoresort.online\/fr\/index.php\/coffre-fort\/","og_site_name":"Talaia Plaza EcoResort","article_modified_time":"2025-04-22T07:37:48+00:00","twitter_card":"summary_large_image","schema":{"@context":"https:\/\/schema.org","@graph":[{"@type":"WebPage","@id":"https:\/\/talaiaplazaecoresort.online\/fr\/index.php\/coffre-fort\/","url":"https:\/\/talaiaplazaecoresort.online\/fr\/index.php\/coffre-fort\/","name":"Coffre-fort - Talaia Plaza EcoResort","isPartOf":{"@id":"https:\/\/ec2-34-240-63-179.eu-west-1.compute.amazonaws.com\/ca\/#website"},"datePublished":"2024-02-08T09:55:11+00:00","dateModified":"2025-04-22T07:37:48+00:00","breadcrumb":{"@id":"https:\/\/talaiaplazaecoresort.online\/fr\/index.php\/coffre-fort\/#breadcrumb"},"inLanguage":"fr-FR","potentialAction":[{"@type":"ReadAction","target":["https:\/\/talaiaplazaecoresort.online\/fr\/index.php\/coffre-fort\/"]}]},{"@type":"BreadcrumbList","@id":"https:\/\/talaiaplazaecoresort.online\/fr\/index.php\/coffre-fort\/#breadcrumb","itemListElement":[{"@type":"ListItem","position":1,"name":"Portada","item":"https:\/\/talaiaplazaecoresort.online\/fr\/index.php\/accueil\/"},{"@type":"ListItem","position":2,"name":"Coffre-fort"}]},{"@type":"WebSite","@id":"https:\/\/ec2-34-240-63-179.eu-west-1.compute.amazonaws.com\/ca\/#website","url":"https:\/\/ec2-34-240-63-179.eu-west-1.compute.amazonaws.com\/ca\/","name":"Talaia Plaza EcoResort","description":"Alojamiento sostenible en el coraz\u00f3n de Empord\u00e0. Talaia Ecoresort","publisher":{"@id":"https:\/\/ec2-34-240-63-179.eu-west-1.compute.amazonaws.com\/ca\/#organization"},"alternateName":"Talaia Plaza EcoResort","potentialAction":[{"@type":"SearchAction","target":{"@type":"EntryPoint","urlTemplate":"https:\/\/ec2-34-240-63-179.eu-west-1.compute.amazonaws.com\/ca\/?s={search_term_string}"},"query-input":{"@type":"PropertyValueSpecification","valueRequired":true,"valueName":"search_term_string"}}],"inLanguage":"fr-FR"},{"@type":"Organization","@id":"https:\/\/ec2-34-240-63-179.eu-west-1.compute.amazonaws.com\/ca\/#organization","name":"Talaia Plaza EcoResort","alternateName":"Talaia Plaza EcoResort","url":"https:\/\/ec2-34-240-63-179.eu-west-1.compute.amazonaws.com\/ca\/","logo":{"@type":"ImageObject","inLanguage":"fr-FR","@id":"https:\/\/ec2-34-240-63-179.eu-west-1.compute.amazonaws.com\/ca\/#\/schema\/logo\/image\/","url":"https:\/\/talaiaplazaecoresort.online\/wp-content\/uploads\/2024\/02\/TALAIA-PLAZA-ECORESORT-LOGOTIPOS.jpg","contentUrl":"https:\/\/talaiaplazaecoresort.online\/wp-content\/uploads\/2024\/02\/TALAIA-PLAZA-ECORESORT-LOGOTIPOS.jpg","width":200,"height":70,"caption":"Talaia Plaza EcoResort"},"image":{"@id":"https:\/\/ec2-34-240-63-179.eu-west-1.compute.amazonaws.com\/ca\/#\/schema\/logo\/image\/"},"sameAs":["https:\/\/www.instagram.com\/talaiaplazaecoresort\/"]}]}},"_links":{"self":[{"href":"https:\/\/talaiaplazaecoresort.online\/fr\/index.php\/wp-json\/wp\/v2\/pages\/1152","targetHints":{"allow":["GET"]}}],"collection":[{"href":"https:\/\/talaiaplazaecoresort.online\/fr\/index.php\/wp-json\/wp\/v2\/pages"}],"about":[{"href":"https:\/\/talaiaplazaecoresort.online\/fr\/index.php\/wp-json\/wp\/v2\/types\/page"}],"author":[{"embeddable":true,"href":"https:\/\/talaiaplazaecoresort.online\/fr\/index.php\/wp-json\/wp\/v2\/users\/2"}],"replies":[{"embeddable":true,"href":"https:\/\/talaiaplazaecoresort.online\/fr\/index.php\/wp-json\/wp\/v2\/comments?post=1152"}],"version-history":[{"count":2,"href":"https:\/\/talaiaplazaecoresort.online\/fr\/index.php\/wp-json\/wp\/v2\/pages\/1152\/revisions"}],"predecessor-version":[{"id":2812,"href":"https:\/\/talaiaplazaecoresort.online\/fr\/index.php\/wp-json\/wp\/v2\/pages\/1152\/revisions\/2812"}],"wp:attachment":[{"href":"https:\/\/talaiaplazaecoresort.online\/fr\/index.php\/wp-json\/wp\/v2\/media?parent=1152"}],"curies":[{"name":"wp","href":"https:\/\/api.w.org\/{rel}","templated":true}]}}