{"id":1132,"date":"2024-02-08T11:02:39","date_gmt":"2024-02-08T10:02:39","guid":{"rendered":"http:\/\/52.19.186.16\/index.php\/barbacoa\/"},"modified":"2026-03-30T14:54:27","modified_gmt":"2026-03-30T12:54:27","slug":"barbacoa","status":"publish","type":"page","link":"https:\/\/talaiaplazaecoresort.online\/ca\/index.php\/barbacoa\/","title":{"rendered":"Takeaway"},"content":{"rendered":"\t\t<div data-elementor-type=\"wp-page\" data-elementor-id=\"1132\" class=\"elementor elementor-1132 elementor-229\" data-elementor-post-type=\"page\">\n\t\t\t\t<div class=\"elementor-element elementor-element-2a7a022 e-flex e-con-boxed elementor-invisible e-con e-parent\" data-id=\"2a7a022\" data-element_type=\"container\" data-e-type=\"container\" data-settings=\"{&quot;background_background&quot;:&quot;classic&quot;,&quot;animation&quot;:&quot;fadeIn&quot;}\">\n\t\t\t\t\t<div class=\"e-con-inner\">\n\t\t\t\t<div class=\"elementor-element elementor-element-069820c elementor-widget elementor-widget-heading\" data-id=\"069820c\" data-element_type=\"widget\" data-e-type=\"widget\" data-widget_type=\"heading.default\">\n\t\t\t\t<div class=\"elementor-widget-container\">\n\t\t\t\t\t<h2 class=\"elementor-heading-title elementor-size-default\">TAKEAWAY<\/h2>\t\t\t\t<\/div>\n\t\t\t\t<\/div>\n\t\t\t\t\t<\/div>\n\t\t\t\t<\/div>\n\t\t<div class=\"elementor-element elementor-element-3a3f149 e-flex e-con-boxed e-con e-parent\" data-id=\"3a3f149\" data-element_type=\"container\" data-e-type=\"container\">\n\t\t\t\t\t<div class=\"e-con-inner\">\n\t\t\t\t<div class=\"elementor-element elementor-element-8b27beb elementor-widget elementor-widget-heading\" data-id=\"8b27beb\" data-element_type=\"widget\" data-e-type=\"widget\" data-widget_type=\"heading.default\">\n\t\t\t\t<div class=\"elementor-widget-container\">\n\t\t\t\t\t<h2 class=\"elementor-heading-title elementor-size-default\">Arrossos<\/h2>\t\t\t\t<\/div>\n\t\t\t\t<\/div>\n\t\t\t\t<div class=\"elementor-element elementor-element-68a06db elementor-widget elementor-widget-text-editor\" data-id=\"68a06db\" data-element_type=\"widget\" data-e-type=\"widget\" data-widget_type=\"text-editor.default\">\n\t\t\t\t<div class=\"elementor-widget-container\">\n\t\t\t\t\t\t\t\t\t<p><em>M\u00ednim dues persones (preu per persona).<\/em><\/p>\t\t\t\t\t\t\t\t<\/div>\n\t\t\t\t<\/div>\n\t\t\t\t<div class=\"elementor-element elementor-element-5bc8872 elementor-widget elementor-widget-price-list\" data-id=\"5bc8872\" data-element_type=\"widget\" data-e-type=\"widget\" data-widget_type=\"price-list.default\">\n\t\t\t\t<div class=\"elementor-widget-container\">\n\t\t\t\t\t\n\t\t<ul class=\"elementor-price-list\">\n\n\t\t\t\t\t\t\t\t\t<li class=\"elementor-price-list-item\">\t\t\t\t\n\t\t\t\t<div class=\"elementor-price-list-text\">\n\t\t\t\t\t\t\t\t\t<div class=\"elementor-price-list-header\">\n\t\t\t\t\t\t\t\t\t\t\t<span class=\"elementor-price-list-title\">\n\t\t\t\t\t\t\tArr\u00f2s cald\u00f3s de s\u00edpia i llam\u00e0ntol\t\t\t\t\t\t<\/span>\n\t\t\t\t\t\t\t\t\t\t\t\t\t\t\t\t\t\t<span class=\"elementor-price-list-separator\"><\/span>\n\t\t\t\t\t\t\t\t\t\t\t\t\t\t\t\t\t\t\t<span class=\"elementor-price-list-price\">30,87<\/span>\n\t\t\t\t\t\t\t\t\t\t<\/div>\n\t\t\t\t\t\t\t\t\t\t\t\t<\/div>\n\t\t\t\t<\/li>\t\t\t\t\t\t\t\t\t\t\t\t<li class=\"elementor-price-list-item\">\t\t\t\t\n\t\t\t\t<div class=\"elementor-price-list-text\">\n\t\t\t\t\t\t\t\t\t<div class=\"elementor-price-list-header\">\n\t\t\t\t\t\t\t\t\t\t\t<span class=\"elementor-price-list-title\">\n\t\t\t\t\t\t\tArr\u00f2s del Senyoret\t\t\t\t\t\t<\/span>\n\t\t\t\t\t\t\t\t\t\t\t\t\t\t\t\t\t\t<span class=\"elementor-price-list-separator\"><\/span>\n\t\t\t\t\t\t\t\t\t\t\t\t\t\t\t\t\t\t\t<span class=\"elementor-price-list-price\">24,50<\/span>\n\t\t\t\t\t\t\t\t\t\t<\/div>\n\t\t\t\t\t\t\t\t\t\t\t\t<\/div>\n\t\t\t\t<\/li>\t\t\t\t\t\t\t\t\t\t\t\t<li class=\"elementor-price-list-item\">\t\t\t\t\n\t\t\t\t<div class=\"elementor-price-list-text\">\n\t\t\t\t\t\t\t\t\t<div class=\"elementor-price-list-header\">\n\t\t\t\t\t\t\t\t\t\t\t<span class=\"elementor-price-list-title\">\n\t\t\t\t\t\t\tArr\u00f2s Negre\t\t\t\t\t\t<\/span>\n\t\t\t\t\t\t\t\t\t\t\t\t\t\t\t\t\t\t<span class=\"elementor-price-list-separator\"><\/span>\n\t\t\t\t\t\t\t\t\t\t\t\t\t\t\t\t\t\t\t<span class=\"elementor-price-list-price\">24,50<\/span>\n\t\t\t\t\t\t\t\t\t\t<\/div>\n\t\t\t\t\t\t\t\t\t\t\t\t<\/div>\n\t\t\t\t<\/li>\t\t\t\t\t\t\t\t\t\t\t\t<li class=\"elementor-price-list-item\">\t\t\t\t\n\t\t\t\t<div class=\"elementor-price-list-text\">\n\t\t\t\t\t\t\t\t\t<div class=\"elementor-price-list-header\">\n\t\t\t\t\t\t\t\t\t\t\t<span class=\"elementor-price-list-title\">\n\t\t\t\t\t\t\tFideu\u00e0\t\t\t\t\t\t<\/span>\n\t\t\t\t\t\t\t\t\t\t\t\t\t\t\t\t\t\t<span class=\"elementor-price-list-separator\"><\/span>\n\t\t\t\t\t\t\t\t\t\t\t\t\t\t\t\t\t\t\t<span class=\"elementor-price-list-price\">24,00<\/span>\n\t\t\t\t\t\t\t\t\t\t<\/div>\n\t\t\t\t\t\t\t\t\t\t\t\t<\/div>\n\t\t\t\t<\/li>\t\t\t\t\t\n\t\t<\/ul>\n\n\t\t\t\t\t\t<\/div>\n\t\t\t\t<\/div>\n\t\t\t\t<div class=\"elementor-element elementor-element-c134503 elementor-widget elementor-widget-heading\" data-id=\"c134503\" data-element_type=\"widget\" data-e-type=\"widget\" data-widget_type=\"heading.default\">\n\t\t\t\t<div class=\"elementor-widget-container\">\n\t\t\t\t\t<h2 class=\"elementor-heading-title elementor-size-default\">BBQ (Raci\u00f3 per a 2 persones)<\/h2>\t\t\t\t<\/div>\n\t\t\t\t<\/div>\n\t\t\t\t<div class=\"elementor-element elementor-element-8c1f054 elementor-widget elementor-widget-text-editor\" data-id=\"8c1f054\" data-element_type=\"widget\" data-e-type=\"widget\" data-widget_type=\"text-editor.default\">\n\t\t\t\t<div class=\"elementor-widget-container\">\n\t\t\t\t\t\t\t\t\t<p style=\"text-align: left;\"><em><span style=\"color: #000000;\">(Inclou barbacoa el\u00e8ctrica, oli, sal i pebre)<\/span><\/em><\/p>\t\t\t\t\t\t\t\t<\/div>\n\t\t\t\t<\/div>\n\t\t\t\t<div class=\"elementor-element elementor-element-be36f29 elementor-widget elementor-widget-price-list\" data-id=\"be36f29\" data-element_type=\"widget\" data-e-type=\"widget\" data-widget_type=\"price-list.default\">\n\t\t\t\t<div class=\"elementor-widget-container\">\n\t\t\t\t\t\n\t\t<ul class=\"elementor-price-list\">\n\n\t\t\t\t\t\t\t\t\t<li class=\"elementor-price-list-item\">\t\t\t\t\n\t\t\t\t<div class=\"elementor-price-list-text\">\n\t\t\t\t\t\t\t\t\t<div class=\"elementor-price-list-header\">\n\t\t\t\t\t\t\t\t\t\t\t<span class=\"elementor-price-list-title\">\n\t\t\t\t\t\t\tBBQ Steak Grill \t\t\t\t\t\t<\/span>\n\t\t\t\t\t\t\t\t\t\t\t\t\t\t\t\t\t\t<span class=\"elementor-price-list-separator\"><\/span>\n\t\t\t\t\t\t\t\t\t\t\t\t\t\t\t\t\t\t\t<span class=\"elementor-price-list-price\">45,00<\/span>\n\t\t\t\t\t\t\t\t\t\t<\/div>\n\t\t\t\t\t\t\t\t\t\t\t\t\t\t\t<p class=\"elementor-price-list-description\">\n\t\t\t\t\t\t\t1 Costella a baixa temperatura adobada amb salsa BBQ, 2 hamburgueses, 2 pits de gall dindi, 2 salsitxes Frankfurt, 2 panotxes de blat de moro, mantega, 2 patates al Caliu, salsa BBQ o salsa mel i mostassa.\t\t\t\t\t\t<\/p>\n\t\t\t\t\t\t\t\t<\/div>\n\t\t\t\t<\/li>\t\t\t\t\t\t\t\t\t\t\t\t<li class=\"elementor-price-list-item\">\t\t\t\t\n\t\t\t\t<div class=\"elementor-price-list-text\">\n\t\t\t\t\t\t\t\t\t<div class=\"elementor-price-list-header\">\n\t\t\t\t\t\t\t\t\t\t\t<span class=\"elementor-price-list-title\">\n\t\t\t\t\t\t\tBBQ Super Chef\t\t\t\t\t\t<\/span>\n\t\t\t\t\t\t\t\t\t\t\t\t\t\t\t\t\t\t<span class=\"elementor-price-list-separator\"><\/span>\n\t\t\t\t\t\t\t\t\t\t\t\t\t\t\t\t\t\t\t<span class=\"elementor-price-list-price\">56,00<\/span>\n\t\t\t\t\t\t\t\t\t\t<\/div>\n\t\t\t\t\t\t\t\t\t\t\t\t\t\t\t<p class=\"elementor-price-list-description\">\n\t\t\t\t\t\t\t1 Entrecot, 2 secrets ib\u00e8rics, 2 pits de pollastre marinats, 1 xistorra, 1 cansalada de porc, 1 graellada de verdures, 2 patates al Caliu, salsa chimichurri i salsa de picada mediterr\u00e0nia.\t\t\t\t\t\t<\/p>\n\t\t\t\t\t\t\t\t<\/div>\n\t\t\t\t<\/li>\t\t\t\t\t\t\t\t\t\t\t\t<li class=\"elementor-price-list-item\">\t\t\t\t\n\t\t\t\t<div class=\"elementor-price-list-text\">\n\t\t\t\t\t\t\t\t\t<div class=\"elementor-price-list-header\">\n\t\t\t\t\t\t\t\t\t\t\t<span class=\"elementor-price-list-title\">\n\t\t\t\t\t\t\tBBQ Aiguablava\t\t\t\t\t\t<\/span>\n\t\t\t\t\t\t\t\t\t\t\t\t\t\t\t\t\t\t<span class=\"elementor-price-list-separator\"><\/span>\n\t\t\t\t\t\t\t\t\t\t\t\t\t\t\t\t\t\t\t<span class=\"elementor-price-list-price\">39,00<\/span>\n\t\t\t\t\t\t\t\t\t\t<\/div>\n\t\t\t\t\t\t\t\t\t\t\t\t\t\t\t<p class=\"elementor-price-list-description\">\n\t\t\t\t\t\t\t2 Orades o llobarros, llagostins, esp\u00e0rrecs verds, tom\u00e0quet de Girona, ceba de Figueres, salsa de picada mediterr\u00e0nia i salsa de c\u00edtrics.\t\t\t\t\t\t<\/p>\n\t\t\t\t\t\t\t\t<\/div>\n\t\t\t\t<\/li>\t\t\t\t\t\t\t\t\t\t\t\t<li class=\"elementor-price-list-item\">\t\t\t\t\n\t\t\t\t<div class=\"elementor-price-list-text\">\n\t\t\t\t\t\t\t\t\t<div class=\"elementor-price-list-header\">\n\t\t\t\t\t\t\t\t\t\t\t<span class=\"elementor-price-list-title\">\n\t\t\t\t\t\t\tBBQ Farigola\t\t\t\t\t\t<\/span>\n\t\t\t\t\t\t\t\t\t\t\t\t\t\t\t\t\t\t<span class=\"elementor-price-list-separator\"><\/span>\n\t\t\t\t\t\t\t\t\t\t\t\t\t\t\t\t\t\t\t<span class=\"elementor-price-list-price\">19,00<\/span>\n\t\t\t\t\t\t\t\t\t\t<\/div>\n\t\t\t\t\t\t\t\t\t\t\t\t\t\t\t<p class=\"elementor-price-list-description\">\n\t\t\t\t\t\t\t2 Beyond Burgers (veganes), salsitxes veganes, bacon veg\u00e0, xori\u00e7o veg\u00e0, 4 broquetes de verdures, patates al Caliu, salsa chimichurri i salsa de picada mediterr\u00e0nia.\t\t\t\t\t\t<\/p>\n\t\t\t\t\t\t\t\t<\/div>\n\t\t\t\t<\/li>\t\t\t\t\t\n\t\t<\/ul>\n\n\t\t\t\t\t\t<\/div>\n\t\t\t\t<\/div>\n\t\t\t\t\t<\/div>\n\t\t\t\t<\/div>\n\t\t\t\t<\/div>\n\t\t","protected":false},"excerpt":{"rendered":"<p>TAKEAWAY Arrossos M\u00ednim dues persones (preu per persona). Arr\u00f2s cald\u00f3s de s\u00edpia i llam\u00e0ntol 30,87 Arr\u00f2s del Senyoret 24,50 Arr\u00f2s [&hellip;]<\/p>\n","protected":false},"author":2,"featured_media":0,"parent":0,"menu_order":0,"comment_status":"closed","ping_status":"closed","template":"","meta":{"_eb_attr":"","site-sidebar-layout":"no-sidebar","site-content-layout":"","ast-site-content-layout":"full-width-container","site-content-style":"default","site-sidebar-style":"default","ast-global-header-display":"","ast-banner-title-visibility":"disabled","ast-main-header-display":"","ast-hfb-above-header-display":"","ast-hfb-below-header-display":"","ast-hfb-mobile-header-display":"","site-post-title":"disabled","ast-breadcrumbs-content":"","ast-featured-img":"disabled","footer-sml-layout":"disabled","ast-disable-related-posts":"","theme-transparent-header-meta":"","adv-header-id-meta":"","stick-header-meta":"","header-above-stick-meta":"","header-main-stick-meta":"","header-below-stick-meta":"","astra-migrate-meta-layouts":"default","ast-page-background-enabled":"default","ast-page-background-meta":{"desktop":{"background-color":"var(--ast-global-color-4)","background-image":"","background-repeat":"repeat","background-position":"center center","background-size":"auto","background-attachment":"scroll","background-type":"","background-media":"","overlay-type":"","overlay-color":"","overlay-opacity":"","overlay-gradient":""},"tablet":{"background-color":"","background-image":"","background-repeat":"repeat","background-position":"center center","background-size":"auto","background-attachment":"scroll","background-type":"","background-media":"","overlay-type":"","overlay-color":"","overlay-opacity":"","overlay-gradient":""},"mobile":{"background-color":"","background-image":"","background-repeat":"repeat","background-position":"center center","background-size":"auto","background-attachment":"scroll","background-type":"","background-media":"","overlay-type":"","overlay-color":"","overlay-opacity":"","overlay-gradient":""}},"ast-content-background-meta":{"desktop":{"background-color":"var(--ast-global-color-5)","background-image":"","background-repeat":"repeat","background-position":"center center","background-size":"auto","background-attachment":"scroll","background-type":"","background-media":"","overlay-type":"","overlay-color":"","overlay-opacity":"","overlay-gradient":""},"tablet":{"background-color":"var(--ast-global-color-5)","background-image":"","background-repeat":"repeat","background-position":"center center","background-size":"auto","background-attachment":"scroll","background-type":"","background-media":"","overlay-type":"","overlay-color":"","overlay-opacity":"","overlay-gradient":""},"mobile":{"background-color":"var(--ast-global-color-5)","background-image":"","background-repeat":"repeat","background-position":"center center","background-size":"auto","background-attachment":"scroll","background-type":"","background-media":"","overlay-type":"","overlay-color":"","overlay-opacity":"","overlay-gradient":""}},"footnotes":""},"class_list":["post-1132","page","type-page","status-publish","hentry"],"yoast_head":"<!-- This site is optimized with the Yoast SEO plugin v27.6 - https:\/\/yoast.com\/product\/yoast-seo-wordpress\/ -->\n<title>Takeaway - Talaia Plaza EcoResort<\/title>\n<meta name=\"robots\" content=\"noindex, follow, max-snippet:-1, max-image-preview:large, max-video-preview:-1\" \/>\n<meta property=\"og:locale\" content=\"ca_ES\" \/>\n<meta property=\"og:type\" content=\"article\" \/>\n<meta property=\"og:title\" content=\"Takeaway - Talaia Plaza EcoResort\" \/>\n<meta property=\"og:description\" content=\"TAKEAWAY Arrossos M\u00ednim dues persones (preu per persona). Arr\u00f2s cald\u00f3s de s\u00edpia i llam\u00e0ntol 30,87 Arr\u00f2s del Senyoret 24,50 Arr\u00f2s [&hellip;]\" \/>\n<meta property=\"og:url\" content=\"https:\/\/talaiaplazaecoresort.online\/ca\/index.php\/barbacoa\/\" \/>\n<meta property=\"og:site_name\" content=\"Talaia Plaza EcoResort\" \/>\n<meta property=\"article:modified_time\" content=\"2026-03-30T12:54:27+00:00\" \/>\n<meta name=\"twitter:card\" content=\"summary_large_image\" \/>\n<script type=\"application\/ld+json\" class=\"yoast-schema-graph\">{\"@context\":\"https:\\\/\\\/schema.org\",\"@graph\":[{\"@type\":\"WebPage\",\"@id\":\"https:\\\/\\\/talaiaplazaecoresort.online\\\/ca\\\/index.php\\\/barbacoa\\\/\",\"url\":\"https:\\\/\\\/talaiaplazaecoresort.online\\\/ca\\\/index.php\\\/barbacoa\\\/\",\"name\":\"Takeaway - Talaia Plaza EcoResort\",\"isPartOf\":{\"@id\":\"https:\\\/\\\/ec2-34-240-63-179.eu-west-1.compute.amazonaws.com\\\/ca\\\/#website\"},\"datePublished\":\"2024-02-08T10:02:39+00:00\",\"dateModified\":\"2026-03-30T12:54:27+00:00\",\"breadcrumb\":{\"@id\":\"https:\\\/\\\/talaiaplazaecoresort.online\\\/ca\\\/index.php\\\/barbacoa\\\/#breadcrumb\"},\"inLanguage\":\"ca\",\"potentialAction\":[{\"@type\":\"ReadAction\",\"target\":[\"https:\\\/\\\/talaiaplazaecoresort.online\\\/ca\\\/index.php\\\/barbacoa\\\/\"]}]},{\"@type\":\"BreadcrumbList\",\"@id\":\"https:\\\/\\\/talaiaplazaecoresort.online\\\/ca\\\/index.php\\\/barbacoa\\\/#breadcrumb\",\"itemListElement\":[{\"@type\":\"ListItem\",\"position\":1,\"name\":\"Portada\",\"item\":\"https:\\\/\\\/talaiaplazaecoresort.online\\\/ca\\\/\"},{\"@type\":\"ListItem\",\"position\":2,\"name\":\"Takeaway\"}]},{\"@type\":\"WebSite\",\"@id\":\"https:\\\/\\\/ec2-34-240-63-179.eu-west-1.compute.amazonaws.com\\\/ca\\\/#website\",\"url\":\"https:\\\/\\\/ec2-34-240-63-179.eu-west-1.compute.amazonaws.com\\\/ca\\\/\",\"name\":\"Talaia Plaza EcoResort\",\"description\":\"Alojamiento sostenible en el coraz\u00f3n de Empord\u00e0. Talaia Ecoresort\",\"publisher\":{\"@id\":\"https:\\\/\\\/ec2-34-240-63-179.eu-west-1.compute.amazonaws.com\\\/ca\\\/#organization\"},\"alternateName\":\"Talaia Plaza EcoResort\",\"potentialAction\":[{\"@type\":\"SearchAction\",\"target\":{\"@type\":\"EntryPoint\",\"urlTemplate\":\"https:\\\/\\\/ec2-34-240-63-179.eu-west-1.compute.amazonaws.com\\\/ca\\\/?s={search_term_string}\"},\"query-input\":{\"@type\":\"PropertyValueSpecification\",\"valueRequired\":true,\"valueName\":\"search_term_string\"}}],\"inLanguage\":\"ca\"},{\"@type\":\"Organization\",\"@id\":\"https:\\\/\\\/ec2-34-240-63-179.eu-west-1.compute.amazonaws.com\\\/ca\\\/#organization\",\"name\":\"Talaia Plaza EcoResort\",\"alternateName\":\"Talaia Plaza EcoResort\",\"url\":\"https:\\\/\\\/ec2-34-240-63-179.eu-west-1.compute.amazonaws.com\\\/ca\\\/\",\"logo\":{\"@type\":\"ImageObject\",\"inLanguage\":\"ca\",\"@id\":\"https:\\\/\\\/ec2-34-240-63-179.eu-west-1.compute.amazonaws.com\\\/ca\\\/#\\\/schema\\\/logo\\\/image\\\/\",\"url\":\"https:\\\/\\\/talaiaplazaecoresort.online\\\/wp-content\\\/uploads\\\/2024\\\/02\\\/TALAIA-PLAZA-ECORESORT-LOGOTIPOS.jpg\",\"contentUrl\":\"https:\\\/\\\/talaiaplazaecoresort.online\\\/wp-content\\\/uploads\\\/2024\\\/02\\\/TALAIA-PLAZA-ECORESORT-LOGOTIPOS.jpg\",\"width\":200,\"height\":70,\"caption\":\"Talaia Plaza EcoResort\"},\"image\":{\"@id\":\"https:\\\/\\\/ec2-34-240-63-179.eu-west-1.compute.amazonaws.com\\\/ca\\\/#\\\/schema\\\/logo\\\/image\\\/\"},\"sameAs\":[\"https:\\\/\\\/www.instagram.com\\\/talaiaplazaecoresort\\\/\"]}]}<\/script>\n<!-- \/ Yoast SEO plugin. -->","yoast_head_json":{"title":"Takeaway - Talaia Plaza EcoResort","robots":{"index":"noindex","follow":"follow","max-snippet":"max-snippet:-1","max-image-preview":"max-image-preview:large","max-video-preview":"max-video-preview:-1"},"og_locale":"ca_ES","og_type":"article","og_title":"Takeaway - Talaia Plaza EcoResort","og_description":"TAKEAWAY Arrossos M\u00ednim dues persones (preu per persona). Arr\u00f2s cald\u00f3s de s\u00edpia i llam\u00e0ntol 30,87 Arr\u00f2s del Senyoret 24,50 Arr\u00f2s [&hellip;]","og_url":"https:\/\/talaiaplazaecoresort.online\/ca\/index.php\/barbacoa\/","og_site_name":"Talaia Plaza EcoResort","article_modified_time":"2026-03-30T12:54:27+00:00","twitter_card":"summary_large_image","schema":{"@context":"https:\/\/schema.org","@graph":[{"@type":"WebPage","@id":"https:\/\/talaiaplazaecoresort.online\/ca\/index.php\/barbacoa\/","url":"https:\/\/talaiaplazaecoresort.online\/ca\/index.php\/barbacoa\/","name":"Takeaway - Talaia Plaza EcoResort","isPartOf":{"@id":"https:\/\/ec2-34-240-63-179.eu-west-1.compute.amazonaws.com\/ca\/#website"},"datePublished":"2024-02-08T10:02:39+00:00","dateModified":"2026-03-30T12:54:27+00:00","breadcrumb":{"@id":"https:\/\/talaiaplazaecoresort.online\/ca\/index.php\/barbacoa\/#breadcrumb"},"inLanguage":"ca","potentialAction":[{"@type":"ReadAction","target":["https:\/\/talaiaplazaecoresort.online\/ca\/index.php\/barbacoa\/"]}]},{"@type":"BreadcrumbList","@id":"https:\/\/talaiaplazaecoresort.online\/ca\/index.php\/barbacoa\/#breadcrumb","itemListElement":[{"@type":"ListItem","position":1,"name":"Portada","item":"https:\/\/talaiaplazaecoresort.online\/ca\/"},{"@type":"ListItem","position":2,"name":"Takeaway"}]},{"@type":"WebSite","@id":"https:\/\/ec2-34-240-63-179.eu-west-1.compute.amazonaws.com\/ca\/#website","url":"https:\/\/ec2-34-240-63-179.eu-west-1.compute.amazonaws.com\/ca\/","name":"Talaia Plaza EcoResort","description":"Alojamiento sostenible en el coraz\u00f3n de Empord\u00e0. Talaia Ecoresort","publisher":{"@id":"https:\/\/ec2-34-240-63-179.eu-west-1.compute.amazonaws.com\/ca\/#organization"},"alternateName":"Talaia Plaza EcoResort","potentialAction":[{"@type":"SearchAction","target":{"@type":"EntryPoint","urlTemplate":"https:\/\/ec2-34-240-63-179.eu-west-1.compute.amazonaws.com\/ca\/?s={search_term_string}"},"query-input":{"@type":"PropertyValueSpecification","valueRequired":true,"valueName":"search_term_string"}}],"inLanguage":"ca"},{"@type":"Organization","@id":"https:\/\/ec2-34-240-63-179.eu-west-1.compute.amazonaws.com\/ca\/#organization","name":"Talaia Plaza EcoResort","alternateName":"Talaia Plaza EcoResort","url":"https:\/\/ec2-34-240-63-179.eu-west-1.compute.amazonaws.com\/ca\/","logo":{"@type":"ImageObject","inLanguage":"ca","@id":"https:\/\/ec2-34-240-63-179.eu-west-1.compute.amazonaws.com\/ca\/#\/schema\/logo\/image\/","url":"https:\/\/talaiaplazaecoresort.online\/wp-content\/uploads\/2024\/02\/TALAIA-PLAZA-ECORESORT-LOGOTIPOS.jpg","contentUrl":"https:\/\/talaiaplazaecoresort.online\/wp-content\/uploads\/2024\/02\/TALAIA-PLAZA-ECORESORT-LOGOTIPOS.jpg","width":200,"height":70,"caption":"Talaia Plaza EcoResort"},"image":{"@id":"https:\/\/ec2-34-240-63-179.eu-west-1.compute.amazonaws.com\/ca\/#\/schema\/logo\/image\/"},"sameAs":["https:\/\/www.instagram.com\/talaiaplazaecoresort\/"]}]}},"_links":{"self":[{"href":"https:\/\/talaiaplazaecoresort.online\/ca\/index.php\/wp-json\/wp\/v2\/pages\/1132","targetHints":{"allow":["GET"]}}],"collection":[{"href":"https:\/\/talaiaplazaecoresort.online\/ca\/index.php\/wp-json\/wp\/v2\/pages"}],"about":[{"href":"https:\/\/talaiaplazaecoresort.online\/ca\/index.php\/wp-json\/wp\/v2\/types\/page"}],"author":[{"embeddable":true,"href":"https:\/\/talaiaplazaecoresort.online\/ca\/index.php\/wp-json\/wp\/v2\/users\/2"}],"replies":[{"embeddable":true,"href":"https:\/\/talaiaplazaecoresort.online\/ca\/index.php\/wp-json\/wp\/v2\/comments?post=1132"}],"version-history":[{"count":14,"href":"https:\/\/talaiaplazaecoresort.online\/ca\/index.php\/wp-json\/wp\/v2\/pages\/1132\/revisions"}],"predecessor-version":[{"id":3423,"href":"https:\/\/talaiaplazaecoresort.online\/ca\/index.php\/wp-json\/wp\/v2\/pages\/1132\/revisions\/3423"}],"wp:attachment":[{"href":"https:\/\/talaiaplazaecoresort.online\/ca\/index.php\/wp-json\/wp\/v2\/media?parent=1132"}],"curies":[{"name":"wp","href":"https:\/\/api.w.org\/{rel}","templated":true}]}}